{"id":17,"date":"2026-02-25T23:37:36","date_gmt":"2026-02-25T23:37:36","guid":{"rendered":"https:\/\/kultura.skopje.gov.mk\/?page_id=17"},"modified":"2026-03-16T22:27:40","modified_gmt":"2026-03-16T22:27:40","slug":"%d0%b7%d0%b0-%d0%bd%d0%b0%d1%81","status":"publish","type":"page","link":"https:\/\/kultura.skopje.gov.mk\/sq\/%d0%b7%d0%b0-%d0%bd%d0%b0%d1%81\/","title":{"rendered":"\u0417\u0430 \u043d\u0430\u0441"},"content":{"rendered":"<div data-elementor-type=\"wp-page\" data-elementor-id=\"17\" class=\"elementor elementor-17\" data-elementor-post-type=\"page\">\n\t\t\t\t<div class=\"elementor-element elementor-element-ecdef93 e-flex e-con-boxed e-con e-parent\" data-id=\"ecdef93\" data-element_type=\"container\" data-e-type=\"container\">\n\t\t\t\t\t<div class=\"e-con-inner\">\n\t\t\t\t<div class=\"elementor-element elementor-element-4fd2377 elementor-widget elementor-widget-gallery\" data-id=\"4fd2377\" data-element_type=\"widget\" data-e-type=\"widget\" data-settings=\"{&quot;columns&quot;:8,&quot;columns_mobile&quot;:8,&quot;gap&quot;:{&quot;unit&quot;:&quot;px&quot;,&quot;size&quot;:57,&quot;sizes&quot;:[]},&quot;aspect_ratio&quot;:&quot;1:1&quot;,&quot;lazyload&quot;:&quot;yes&quot;,&quot;gallery_layout&quot;:&quot;grid&quot;,&quot;columns_tablet&quot;:2,&quot;gap_tablet&quot;:{&quot;unit&quot;:&quot;px&quot;,&quot;size&quot;:10,&quot;sizes&quot;:[]},&quot;gap_mobile&quot;:{&quot;unit&quot;:&quot;px&quot;,&quot;size&quot;:10,&quot;sizes&quot;:[]},&quot;link_to&quot;:&quot;file&quot;,&quot;overlay_background&quot;:&quot;yes&quot;,&quot;content_hover_animation&quot;:&quot;fade-in&quot;}\" data-widget_type=\"gallery.default\">\n\t\t\t\t\t\t\t<div class=\"elementor-gallery__container\">\n\t\t\t\t\t\t\t<a class=\"e-gallery-item elementor-gallery-item elementor-animated-content\" href=\"https:\/\/kultura.skopje.gov.mk\/wp-content\/uploads\/2026\/02\/logo-dkc.jpg\" data-elementor-open-lightbox=\"yes\" data-elementor-lightbox-slideshow=\"4fd2377\" data-elementor-lightbox-title=\"logo dkc\" data-e-action-hash=\"#elementor-action%3Aaction%3Dlightbox%26settings%3DeyJpZCI6MTIyLCJ1cmwiOiJodHRwczpcL1wva3VsdHVyYS5za29wamUuZ292Lm1rXC93cC1jb250ZW50XC91cGxvYWRzXC8yMDI2XC8wMlwvbG9nby1ka2MuanBnIiwic2xpZGVzaG93IjoiNGZkMjM3NyJ9\">\n\t\t\t\t\t<div class=\"e-gallery-image elementor-gallery-item__image\" data-thumbnail=\"https:\/\/kultura.skopje.gov.mk\/wp-content\/uploads\/2026\/02\/logo-dkc.jpg\" data-width=\"1711\" data-height=\"1501\" aria-label=\"\" role=\"img\" ><\/div>\n\t\t\t\t\t\t\t\t\t\t\t<div class=\"elementor-gallery-item__overlay\"><\/div>\n\t\t\t\t\t\t\t\t\t\t\t\t\t\t<\/a>\n\t\t\t\t\t\t\t<a class=\"e-gallery-item elementor-gallery-item elementor-animated-content\" href=\"https:\/\/kultura.skopje.gov.mk\/wp-content\/uploads\/2026\/02\/LOGO-Biblioteka.png\" data-elementor-open-lightbox=\"yes\" data-elementor-lightbox-slideshow=\"4fd2377\" data-elementor-lightbox-title=\"LOGO Biblioteka\" data-e-action-hash=\"#elementor-action%3Aaction%3Dlightbox%26settings%3DeyJpZCI6MTIzLCJ1cmwiOiJodHRwczpcL1wva3VsdHVyYS5za29wamUuZ292Lm1rXC93cC1jb250ZW50XC91cGxvYWRzXC8yMDI2XC8wMlwvTE9HTy1CaWJsaW90ZWthLnBuZyIsInNsaWRlc2hvdyI6IjRmZDIzNzcifQ%3D%3D\">\n\t\t\t\t\t<div class=\"e-gallery-image elementor-gallery-item__image\" data-thumbnail=\"https:\/\/kultura.skopje.gov.mk\/wp-content\/uploads\/2026\/02\/LOGO-Biblioteka.png\" data-width=\"1080\" data-height=\"900\" aria-label=\"\" role=\"img\" ><\/div>\n\t\t\t\t\t\t\t\t\t\t\t<div class=\"elementor-gallery-item__overlay\"><\/div>\n\t\t\t\t\t\t\t\t\t\t\t\t\t\t<\/a>\n\t\t\t\t\t\t\t<a class=\"e-gallery-item elementor-gallery-item elementor-animated-content\" href=\"https:\/\/kultura.skopje.gov.mk\/wp-content\/uploads\/2026\/02\/LOGO-KIC.png\" data-elementor-open-lightbox=\"yes\" data-elementor-lightbox-slideshow=\"4fd2377\" data-elementor-lightbox-title=\"LOGO KIC\" data-e-action-hash=\"#elementor-action%3Aaction%3Dlightbox%26settings%3DeyJpZCI6MTI0LCJ1cmwiOiJodHRwczpcL1wva3VsdHVyYS5za29wamUuZ292Lm1rXC93cC1jb250ZW50XC91cGxvYWRzXC8yMDI2XC8wMlwvTE9HTy1LSUMucG5nIiwic2xpZGVzaG93IjoiNGZkMjM3NyJ9\">\n\t\t\t\t\t<div class=\"e-gallery-image elementor-gallery-item__image\" data-thumbnail=\"https:\/\/kultura.skopje.gov.mk\/wp-content\/uploads\/2026\/02\/LOGO-KIC.png\" data-width=\"1181\" data-height=\"1181\" aria-label=\"\" role=\"img\" ><\/div>\n\t\t\t\t\t\t\t\t\t\t\t<div class=\"elementor-gallery-item__overlay\"><\/div>\n\t\t\t\t\t\t\t\t\t\t\t\t\t\t<\/a>\n\t\t\t\t\t\t\t<a class=\"e-gallery-item elementor-gallery-item elementor-animated-content\" href=\"https:\/\/kultura.skopje.gov.mk\/wp-content\/uploads\/2026\/02\/MKC-logo.jpg\" data-elementor-open-lightbox=\"yes\" data-elementor-lightbox-slideshow=\"4fd2377\" data-elementor-lightbox-title=\"MKC-logo\" data-e-action-hash=\"#elementor-action%3Aaction%3Dlightbox%26settings%3DeyJpZCI6MTI1LCJ1cmwiOiJodHRwczpcL1wva3VsdHVyYS5za29wamUuZ292Lm1rXC93cC1jb250ZW50XC91cGxvYWRzXC8yMDI2XC8wMlwvTUtDLWxvZ28uanBnIiwic2xpZGVzaG93IjoiNGZkMjM3NyJ9\">\n\t\t\t\t\t<div class=\"e-gallery-image elementor-gallery-item__image\" data-thumbnail=\"https:\/\/kultura.skopje.gov.mk\/wp-content\/uploads\/2026\/02\/MKC-logo.jpg\" data-width=\"1784\" data-height=\"1772\" aria-label=\"\" role=\"img\" ><\/div>\n\t\t\t\t\t\t\t\t\t\t\t<div class=\"elementor-gallery-item__overlay\"><\/div>\n\t\t\t\t\t\t\t\t\t\t\t\t\t\t<\/a>\n\t\t\t\t\t\t\t<a class=\"e-gallery-item elementor-gallery-item elementor-animated-content\" href=\"https:\/\/kultura.skopje.gov.mk\/wp-content\/uploads\/2026\/02\/logo-Koco-Racin.png\" data-elementor-open-lightbox=\"yes\" data-elementor-lightbox-slideshow=\"4fd2377\" data-elementor-lightbox-title=\"logo Koco Racin\" data-e-action-hash=\"#elementor-action%3Aaction%3Dlightbox%26settings%3DeyJpZCI6MTI2LCJ1cmwiOiJodHRwczpcL1wva3VsdHVyYS5za29wamUuZ292Lm1rXC93cC1jb250ZW50XC91cGxvYWRzXC8yMDI2XC8wMlwvbG9nby1Lb2NvLVJhY2luLnBuZyIsInNsaWRlc2hvdyI6IjRmZDIzNzcifQ%3D%3D\">\n\t\t\t\t\t<div class=\"e-gallery-image elementor-gallery-item__image\" data-thumbnail=\"https:\/\/kultura.skopje.gov.mk\/wp-content\/uploads\/2026\/02\/logo-Koco-Racin.png\" data-width=\"298\" data-height=\"294\" aria-label=\"\" role=\"img\" ><\/div>\n\t\t\t\t\t\t\t\t\t\t\t<div class=\"elementor-gallery-item__overlay\"><\/div>\n\t\t\t\t\t\t\t\t\t\t\t\t\t\t<\/a>\n\t\t\t\t\t\t\t<a class=\"e-gallery-item elementor-gallery-item elementor-animated-content\" href=\"https:\/\/kultura.skopje.gov.mk\/wp-content\/uploads\/2026\/02\/ZOOLogo-kirilica-Long.jpg\" data-elementor-open-lightbox=\"yes\" data-elementor-lightbox-slideshow=\"4fd2377\" data-elementor-lightbox-title=\"ZOOLogo-kirilica-Long\" data-e-action-hash=\"#elementor-action%3Aaction%3Dlightbox%26settings%3DeyJpZCI6MTI3LCJ1cmwiOiJodHRwczpcL1wva3VsdHVyYS5za29wamUuZ292Lm1rXC93cC1jb250ZW50XC91cGxvYWRzXC8yMDI2XC8wMlwvWk9PTG9nby1raXJpbGljYS1Mb25nLmpwZyIsInNsaWRlc2hvdyI6IjRmZDIzNzcifQ%3D%3D\">\n\t\t\t\t\t<div class=\"e-gallery-image elementor-gallery-item__image\" data-thumbnail=\"https:\/\/kultura.skopje.gov.mk\/wp-content\/uploads\/2026\/02\/ZOOLogo-kirilica-Long.jpg\" data-width=\"1200\" data-height=\"547\" aria-label=\"\" role=\"img\" ><\/div>\n\t\t\t\t\t\t\t\t\t\t\t<div class=\"elementor-gallery-item__overlay\"><\/div>\n\t\t\t\t\t\t\t\t\t\t\t\t\t\t<\/a>\n\t\t\t\t\t\t\t<a class=\"e-gallery-item elementor-gallery-item elementor-animated-content\" href=\"https:\/\/kultura.skopje.gov.mk\/wp-content\/uploads\/2026\/02\/LOGO_UNIVERZALNA_SALA.jpg\" data-elementor-open-lightbox=\"yes\" data-elementor-lightbox-slideshow=\"4fd2377\" data-elementor-lightbox-title=\"LOGO_UNIVERZALNA_SALA\" data-e-action-hash=\"#elementor-action%3Aaction%3Dlightbox%26settings%3DeyJpZCI6MTI4LCJ1cmwiOiJodHRwczpcL1wva3VsdHVyYS5za29wamUuZ292Lm1rXC93cC1jb250ZW50XC91cGxvYWRzXC8yMDI2XC8wMlwvTE9HT19VTklWRVJaQUxOQV9TQUxBLmpwZyIsInNsaWRlc2hvdyI6IjRmZDIzNzcifQ%3D%3D\">\n\t\t\t\t\t<div class=\"e-gallery-image elementor-gallery-item__image\" data-thumbnail=\"https:\/\/kultura.skopje.gov.mk\/wp-content\/uploads\/2026\/02\/LOGO_UNIVERZALNA_SALA.jpg\" data-width=\"1181\" data-height=\"1187\" aria-label=\"\" role=\"img\" ><\/div>\n\t\t\t\t\t\t\t\t\t\t\t<div class=\"elementor-gallery-item__overlay\"><\/div>\n\t\t\t\t\t\t\t\t\t\t\t\t\t\t<\/a>\n\t\t\t\t\t\t\t<a class=\"e-gallery-item elementor-gallery-item elementor-animated-content\" href=\"https:\/\/kultura.skopje.gov.mk\/wp-content\/uploads\/2026\/02\/\u043b\u043e\u0433\u043e-\u043c\u0443\u0437\u0435\u0458.png\" data-elementor-open-lightbox=\"yes\" data-elementor-lightbox-slideshow=\"4fd2377\" data-elementor-lightbox-title=\"\u043b\u043e\u0433\u043e \u043c\u0443\u0437\u0435\u0458\" data-e-action-hash=\"#elementor-action%3Aaction%3Dlightbox%26settings%3DeyJpZCI6MTI5LCJ1cmwiOiJodHRwczpcL1wva3VsdHVyYS5za29wamUuZ292Lm1rXC93cC1jb250ZW50XC91cGxvYWRzXC8yMDI2XC8wMlwvXHUwNDNiXHUwNDNlXHUwNDMzXHUwNDNlLVx1MDQzY1x1MDQ0M1x1MDQzN1x1MDQzNVx1MDQ1OC5wbmciLCJzbGlkZXNob3ciOiI0ZmQyMzc3In0%3D\">\n\t\t\t\t\t<div class=\"e-gallery-image elementor-gallery-item__image\" data-thumbnail=\"https:\/\/kultura.skopje.gov.mk\/wp-content\/uploads\/2026\/02\/\u043b\u043e\u0433\u043e-\u043c\u0443\u0437\u0435\u0458.png\" data-width=\"11904\" data-height=\"8212\" aria-label=\"\" role=\"img\" ><\/div>\n\t\t\t\t\t\t\t\t\t\t\t<div class=\"elementor-gallery-item__overlay\"><\/div>\n\t\t\t\t\t\t\t\t\t\t\t\t\t\t<\/a>\n\t\t\t\t\t<\/div>\n\t\t\t\t\t<\/div>\n\t\t\t\t\t<\/div>\n\t\t\t\t<\/div>\n\t\t<div class=\"elementor-element elementor-element-52c0241 e-flex e-con-boxed e-con e-parent\" data-id=\"52c0241\" data-element_type=\"container\" data-e-type=\"container\">\n\t\t\t\t\t<div class=\"e-con-inner\">\n\t\t\t\t<div class=\"elementor-element elementor-element-9b7a10a elementor-widget elementor-widget-heading\" data-id=\"9b7a10a\" data-element_type=\"widget\" data-e-type=\"widget\" data-widget_type=\"heading.default\">\n\t\t\t\t\t<h2 class=\"elementor-heading-title elementor-size-default\">Departamenti i Kultur\u00ebs - Qyteti i Shkupit<\/h2>\t\t\t\t<\/div>\n\t\t\t\t\t<\/div>\n\t\t\t\t<\/div>\n\t\t<div class=\"elementor-element elementor-element-aea69fc e-flex e-con-boxed e-con e-parent\" data-id=\"aea69fc\" data-element_type=\"container\" data-e-type=\"container\">\n\t\t\t\t\t<div class=\"e-con-inner\">\n\t\t\t\t<div class=\"elementor-element elementor-element-7b0c0b7 elementor-widget elementor-widget-text-editor\" data-id=\"7b0c0b7\" data-element_type=\"widget\" data-e-type=\"widget\" data-widget_type=\"text-editor.default\">\n\t\t\t\t\t\t\t\t\t<p class=\"translation-block\">Departamenti i Kultur\u00ebs i p\u00ebrket Sektorit t\u00eb Sh\u00ebrbimeve Publike n\u00eb Qytetin e Shkupit. Departamenti i Kultur\u00ebs kryen pun\u00eb lidhur me mb\u00ebshtetjen institucionale dhe financiare t\u00eb institucioneve kulturore dhe projekteve me r\u00ebnd\u00ebsi p\u00ebr qytetin e Shkupit, si dhe organizimin e manifestimeve n\u00eb fush\u00ebn e kultur\u00ebs me interes p\u00ebr Qytetin e Shkupit. Propozon aktivitete n\u00eb fush\u00ebn e veprimtaris\u00eb profesionale, amatore dhe rinore n\u00eb k\u00ebto fusha: artet skenike, artet muzikore, artet vizuale dhe arti i mediave t\u00eb reja, veprimtaria botuese dhe bibliotekare, veprimtaria muzeore dhe promovimi i trash\u00ebgimis\u00eb kulturore, bashk\u00ebpunimi nd\u00ebrkomb\u00ebtar. Dor\u00ebzon propozime projektesh p\u00ebr pjes\u00ebmarrje n\u00eb thirrje publike nd\u00ebrkomb\u00ebtare nga fusha e kultur\u00ebs, organizon dhe realizon projekte nd\u00ebrkomb\u00ebtare n\u00eb kompetenc\u00eb t\u00eb Qytetit t\u00eb Shkupit, propozon dhe p\u00ebrgatit programin p\u00ebr sh\u00ebnimin e ngjarjeve dhe personaliteteve me r\u00ebnd\u00ebsi p\u00ebr qytetin e Shkupit, p\u00ebrgatit vendimin p\u00ebr ngritjen, ruajtjen dhe mbrojtjen e p\u00ebrmendoreve dhe rregulloreve t\u00eb tjera n\u00eb kompetenc\u00eb t\u00eb Qytetit t\u00eb Shkupit, si dhe inicimin dhe realizimin e procedur\u00ebs p\u00ebr themelimin e institucioneve publike nga fusha e kultur\u00ebs\u2026<\/p><p>Institucionet publike dhe kulturore n\u00eb kompetenc\u00eb t\u00eb Qytetit t\u00eb Shkupit jan\u00eb: Biblioteka e qytetit \u201cV\u00ebllez\u00ebrit Miladinovci\u201d, Qendra Kulturore-Informative \u2013 Shkup, Qendra Kulturore Rinore \u2013 Shkup, Muzeu i Qytetit t\u00eb Shkupit, Salla Universale \u2013 Shkup, Kopshti Zoologjik \u2013 Shkup, Qendra Kulturore e F\u00ebmij\u00ebve \u201cKarposh\u201d dhe Sht\u00ebpia e Kultur\u00ebs \u201cKo\u00e7o Racin\u201d \u2013 Shkup.<\/p><p>Departamenti i Kultur\u00ebs punon sipas nj\u00eb programi t\u00eb parap\u00ebrgatitur. Programi \u00ebsht\u00eb nj\u00eb mekaniz\u00ebm i r\u00ebnd\u00ebsish\u00ebm q\u00eb mund\u00ebson nd\u00ebrtimin e nj\u00eb skene dinamike kulturore q\u00eb pasqyron energjin\u00eb e metropolit dhe forcon reputacionin e tij kulturor global. N\u00eb program p\u00ebrfshihen aktivitete q\u00eb realizohen gjat\u00eb nj\u00eb viti kalendarik, p\u00ebrmes t\u00eb cilave zbatohen kompetencat e Qytetit t\u00eb Shkupit n\u00eb fush\u00ebn e kultur\u00ebs dhe definohet interesi lokal n\u00eb kultur\u00eb. N\u00eb t\u00eb p\u00ebrfshihet financimi dhe puna e institucioneve publike t\u00eb kultur\u00ebs, themelues i t\u00eb cilave \u00ebsht\u00eb Qyteti i Shkupit, si dhe projekte q\u00eb do t\u00eb realizohen nga persona fizik\u00eb dhe juridik\u00eb n\u00eb fush\u00ebn e kultur\u00ebs q\u00eb veprojn\u00eb n\u00eb territorin e qytetit t\u00eb Shkupit, t\u00eb cil\u00ebt do t\u00eb zgjidhen p\u00ebrmes thirrjeve publike ose procedurave t\u00eb prokurimit publik.\u00a0<\/p><p>Departamenti i Kultur\u00ebs, p\u00ebrkat\u00ebsisht Qyteti i Shkupit, realizon edhe interesin lokal n\u00eb kultur\u00eb p\u00ebrmes sigurimit t\u00eb mb\u00ebshtetjes institucionale dhe logjistike p\u00ebr aktivitetet q\u00eb nxisin bashk\u00ebpunimin nd\u00ebrkomb\u00ebtar dhe nd\u00ebrkomunal n\u00eb fush\u00ebn e kultur\u00ebs me subjekte t\u00eb ndryshme nd\u00ebrkomb\u00ebtare dhe vendore, vet\u00ebqeverisje lokale, organe komb\u00ebtare dhe organizata t\u00eb tjera t\u00eb ngjashme.<\/p><p>Nj\u00eb shembull i till\u00eb \u00ebsht\u00eb projekti evropian CreArt 3.0, p\u00ebrmes t\u00eb cilit futen iniciativa n\u00eb jet\u00ebn kulturore t\u00eb Shkupit n\u00eb fush\u00ebn e arteve vizuale, krijohen partneritete dhe shk\u00ebmbime t\u00eb reja nd\u00ebrkomb\u00ebtare, dhe nj\u00ebkoh\u00ebsisht mund\u00ebsohet pjes\u00ebmarrja e artist\u00ebve dhe kurator\u00ebve nga Shkupi n\u00eb aktivitetet programore.<\/p><p>Nj\u00eb nga q\u00ebllimet strategjike t\u00eb Departamentit t\u00eb Kultur\u00ebs dhe Qytetit t\u00eb Shkupit \u00ebsht\u00eb edhe realizimi i programit me aktivitete lidhur me titullin Kryeqyteti Evropian i Kultur\u00ebs \u2013 Shkupi 2028, me q\u00ebllim ngritjen e nd\u00ebrgjegj\u00ebsimit t\u00eb qytetar\u00ebve p\u00ebr r\u00ebnd\u00ebsin\u00eb e k\u00ebtij titulli prestigjioz, me t\u00eb cilin qyteti mund t\u00eb p\u00ebrshpejtoj\u00eb zhvillimin e tij ekonomik, social dhe urban.<\/p><p>P\u00ebrmes Departamentit t\u00eb Kultur\u00ebs realizohen edhe investimet kapitale t\u00eb Qytetit t\u00eb Shkupit n\u00eb kultur\u00eb, aktivitete nd\u00ebrtimore dhe infrastrukturore dhe blerja e pajisjeve n\u00eb institucionet publike t\u00eb kultur\u00ebs, themelues i t\u00eb cilave \u00ebsht\u00eb Qyteti i Shkupit, si dhe investime kapitale n\u00eb kultur\u00eb q\u00eb realizohen nga operator\u00eb ekonomik\u00eb t\u00eb zgjedhur p\u00ebrmes procedurave p\u00ebrkat\u00ebse.<\/p>\t\t\t\t\t\t\t\t<\/div>\n\t\t\t\t\t<\/div>\n\t\t\t\t<\/div>\n\t\t\t\t<\/div>","protected":false},"excerpt":{"rendered":"<p>\u041e\u0434\u0434\u0435\u043b\u0435\u043d\u0438\u0435 \u0437\u0430 \u043a\u0443\u043b\u0442\u0443\u0440\u0430 &#8211; \u0413\u0440\u0430\u0434 \u0421\u043a\u043e\u043f\u0458\u0435 \u041e\u0434\u0434\u0435\u043b\u0435\u043d\u0438\u0435\u0442\u043e \u0437\u0430 \u043a\u0443\u043b\u0442\u0443\u0440\u0430 \u043f\u0440\u0438\u043f\u0430\u0453\u0430 \u043d\u0430 \u0421\u0435\u043a\u0442\u043e\u0440\u043e\u0442 \u0437\u0430 \u0458\u0430\u0432\u043d\u0438 \u0434\u0435\u0458\u043d\u043e\u0441\u0442\u0438\u00a0\u0432\u043e \u0413\u0440\u0430\u0434 \u0421\u043a\u043e\u043f\u0458\u0435. \u041e\u0434\u0434\u0435\u043b\u043d\u0438\u0435\u0442\u043e \u0437\u0430 \u043a\u0443\u043b\u0442\u0443\u0440\u0430 [&hellip;]<\/p>\n","protected":false},"author":1,"featured_media":0,"parent":0,"menu_order":0,"comment_status":"closed","ping_status":"closed","template":"","meta":{"site-sidebar-layout":"no-sidebar","site-content-layout":"","ast-site-content-layout":"full-width-container","site-content-style":"default","site-sidebar-style":"default","ast-global-header-display":"","ast-banner-title-visibility":"","ast-main-header-display":"","ast-hfb-above-header-display":"","ast-hfb-below-header-display":"","ast-hfb-mobile-header-display":"","site-post-title":"","ast-breadcrumbs-content":"","ast-featured-img":"disabled","footer-sml-layout":"","ast-disable-related-posts":"","theme-transparent-header-meta":"","adv-header-id-meta":"","stick-header-meta":"","header-above-stick-meta":"","header-main-stick-meta":"","header-below-stick-meta":"","astra-migrate-meta-layouts":"default","ast-page-background-enabled":"default","ast-page-background-meta":{"desktop":{"background-color":"var(--ast-global-color-5)","background-image":"","background-repeat":"repeat","background-position":"center center","background-size":"auto","background-attachment":"scroll","background-type":"","background-media":"","overlay-type":"","overlay-color":"","overlay-opacity":"","overlay-gradient":""},"tablet":{"background-color":"","background-image":"","background-repeat":"repeat","background-position":"center center","background-size":"auto","background-attachment":"scroll","background-type":"","background-media":"","overlay-type":"","overlay-color":"","overlay-opacity":"","overlay-gradient":""},"mobile":{"background-color":"","background-image":"","background-repeat":"repeat","background-position":"center center","background-size":"auto","background-attachment":"scroll","background-type":"","background-media":"","overlay-type":"","overlay-color":"","overlay-opacity":"","overlay-gradient":""}},"ast-content-background-meta":{"desktop":{"background-color":"var(--ast-global-color-4)","background-image":"","background-repeat":"repeat","background-position":"center center","background-size":"auto","background-attachment":"scroll","background-type":"","background-media":"","overlay-type":"","overlay-color":"","overlay-opacity":"","overlay-gradient":""},"tablet":{"background-color":"var(--ast-global-color-4)","background-image":"","background-repeat":"repeat","background-position":"center center","background-size":"auto","background-attachment":"scroll","background-type":"","background-media":"","overlay-type":"","overlay-color":"","overlay-opacity":"","overlay-gradient":""},"mobile":{"background-color":"var(--ast-global-color-4)","background-image":"","background-repeat":"repeat","background-position":"center center","background-size":"auto","background-attachment":"scroll","background-type":"","background-media":"","overlay-type":"","overlay-color":"","overlay-opacity":"","overlay-gradient":""}},"footnotes":""},"class_list":["post-17","page","type-page","status-publish","hentry"],"_links":{"self":[{"href":"https:\/\/kultura.skopje.gov.mk\/sq\/wp-json\/wp\/v2\/pages\/17","targetHints":{"allow":["GET"]}}],"collection":[{"href":"https:\/\/kultura.skopje.gov.mk\/sq\/wp-json\/wp\/v2\/pages"}],"about":[{"href":"https:\/\/kultura.skopje.gov.mk\/sq\/wp-json\/wp\/v2\/types\/page"}],"author":[{"embeddable":true,"href":"https:\/\/kultura.skopje.gov.mk\/sq\/wp-json\/wp\/v2\/users\/1"}],"replies":[{"embeddable":true,"href":"https:\/\/kultura.skopje.gov.mk\/sq\/wp-json\/wp\/v2\/comments?post=17"}],"version-history":[{"count":10,"href":"https:\/\/kultura.skopje.gov.mk\/sq\/wp-json\/wp\/v2\/pages\/17\/revisions"}],"predecessor-version":[{"id":424,"href":"https:\/\/kultura.skopje.gov.mk\/sq\/wp-json\/wp\/v2\/pages\/17\/revisions\/424"}],"wp:attachment":[{"href":"https:\/\/kultura.skopje.gov.mk\/sq\/wp-json\/wp\/v2\/media?parent=17"}],"curies":[{"name":"wp","href":"https:\/\/api.w.org\/{rel}","templated":true}]}}