{"id":21,"date":"2026-02-25T23:37:57","date_gmt":"2026-02-25T23:37:57","guid":{"rendered":"https:\/\/kultura.skopje.gov.mk\/?page_id=21"},"modified":"2026-02-26T00:20:29","modified_gmt":"2026-02-26T00:20:29","slug":"%d0%bd%d0%b0%d1%81%d1%82%d0%b0%d0%bd%d0%b8","status":"publish","type":"page","link":"https:\/\/kultura.skopje.gov.mk\/sq\/%d0%bd%d0%b0%d1%81%d1%82%d0%b0%d0%bd%d0%b8\/","title":{"rendered":"Ngjarje"},"content":{"rendered":"<div data-elementor-type=\"wp-page\" data-elementor-id=\"21\" class=\"elementor elementor-21\" data-elementor-post-type=\"page\">\n\t\t\t\t<div class=\"elementor-element elementor-element-b26b3d9 e-flex e-con-boxed e-con e-parent\" data-id=\"b26b3d9\" data-element_type=\"container\" data-e-type=\"container\">\n\t\t\t\t\t<div class=\"e-con-inner\">\n\t\t\t\t<div class=\"elementor-element elementor-element-f139625 elementor-headline--style-highlight elementor-widget elementor-widget-animated-headline\" data-id=\"f139625\" data-element_type=\"widget\" data-e-type=\"widget\" data-settings=\"{&quot;marker&quot;:&quot;double_underline&quot;,&quot;highlighted_text&quot;:&quot;\\u041d\\u0430\\u0441\\u0442\\u0430\\u043d\\u0438&quot;,&quot;headline_style&quot;:&quot;highlight&quot;,&quot;loop&quot;:&quot;yes&quot;,&quot;highlight_animation_duration&quot;:1200,&quot;highlight_iteration_delay&quot;:8000}\" data-widget_type=\"animated-headline.default\">\n\t\t\t\t\t\t\t<h3 class=\"elementor-headline\">\n\t\t\t\t<span class=\"elementor-headline-dynamic-wrapper elementor-headline-text-wrapper\">\n\t\t\t\t\t<span class=\"elementor-headline-dynamic-text elementor-headline-text-active\">Ngjarje<\/span>\n\t\t\t\t<\/span>\n\t\t\t\t<\/h3>\n\t\t\t\t\t\t<\/div>\n\t\t\t\t<div class=\"elementor-element elementor-element-b350b55 elementor-grid-3 elementor-grid-tablet-2 elementor-grid-mobile-1 elementor-posts--thumbnail-top elementor-card-shadow-yes elementor-posts__hover-gradient elementor-widget elementor-widget-posts\" data-id=\"b350b55\" data-element_type=\"widget\" data-e-type=\"widget\" data-settings=\"{&quot;cards_columns&quot;:&quot;3&quot;,&quot;cards_columns_tablet&quot;:&quot;2&quot;,&quot;cards_columns_mobile&quot;:&quot;1&quot;,&quot;cards_row_gap&quot;:{&quot;unit&quot;:&quot;px&quot;,&quot;size&quot;:35,&quot;sizes&quot;:[]},&quot;cards_row_gap_tablet&quot;:{&quot;unit&quot;:&quot;px&quot;,&quot;size&quot;:&quot;&quot;,&quot;sizes&quot;:[]},&quot;cards_row_gap_mobile&quot;:{&quot;unit&quot;:&quot;px&quot;,&quot;size&quot;:&quot;&quot;,&quot;sizes&quot;:[]}}\" data-widget_type=\"posts.cards\">\n\t\t\t\t<div class=\"elementor-widget-container\">\n\t\t\t\t\t\t\t<div class=\"elementor-posts-container elementor-posts elementor-posts--skin-cards elementor-grid\" role=\"list\">\n\t\t\t\t<article class=\"elementor-post elementor-grid-item post-382 post type-post status-publish format-standard has-post-thumbnail hentry category-4\" role=\"listitem\">\n\t\t\t<div class=\"elementor-post__card\">\n\t\t\t\t<a class=\"elementor-post__thumbnail__link\" href=\"https:\/\/kultura.skopje.gov.mk\/sq\/%d0%b8%d0%b2%d0%b0%d0%bd-%d1%88%d0%be%d0%bf%d0%be%d0%b2-%d1%81%d0%be-%d0%b7%d0%b5%d0%bd%d1%82%d1%80%d0%b8%d1%84%d1%83%d0%b3%d0%b0-%d0%b5-%d0%bc%d0%b0%d0%ba%d0%b5%d0%b4%d0%be%d0%bd%d1%81%d0%ba%d0%b8\/\" tabindex=\"-1\" target=\"_blank\"><div class=\"elementor-post__thumbnail\"><img fetchpriority=\"high\" decoding=\"async\" width=\"1080\" height=\"1350\" src=\"https:\/\/kultura.skopje.gov.mk\/wp-content\/uploads\/2026\/03\/642977035_18342211405215231_1156109020078256885_n.jpg\" class=\"attachment-full size-full wp-image-386\" alt=\"\" srcset=\"https:\/\/kultura.skopje.gov.mk\/wp-content\/uploads\/2026\/03\/642977035_18342211405215231_1156109020078256885_n.jpg 1080w, https:\/\/kultura.skopje.gov.mk\/wp-content\/uploads\/2026\/03\/642977035_18342211405215231_1156109020078256885_n-240x300.jpg 240w, https:\/\/kultura.skopje.gov.mk\/wp-content\/uploads\/2026\/03\/642977035_18342211405215231_1156109020078256885_n-819x1024.jpg 819w, https:\/\/kultura.skopje.gov.mk\/wp-content\/uploads\/2026\/03\/642977035_18342211405215231_1156109020078256885_n-768x960.jpg 768w, https:\/\/kultura.skopje.gov.mk\/wp-content\/uploads\/2026\/03\/642977035_18342211405215231_1156109020078256885_n-10x12.jpg 10w\" sizes=\"(max-width: 1080px) 100vw, 1080px\" \/><\/div><\/a>\n\t\t\t\t<div class=\"elementor-post__text\">\n\t\t\t\t<h3 class=\"elementor-post__title\">\n\t\t\t<a href=\"https:\/\/kultura.skopje.gov.mk\/sq\/%d0%b8%d0%b2%d0%b0%d0%bd-%d1%88%d0%be%d0%bf%d0%be%d0%b2-%d1%81%d0%be-%d0%b7%d0%b5%d0%bd%d1%82%d1%80%d0%b8%d1%84%d1%83%d0%b3%d0%b0-%d0%b5-%d0%bc%d0%b0%d0%ba%d0%b5%d0%b4%d0%be%d0%bd%d1%81%d0%ba%d0%b8\/\" target=\"&quot;_blank&quot;\">\n\t\t\t\tIvan Shopov me \u201cZentrifuga\u201d \u00ebsht\u00eb kandidati maqedonas p\u00ebr \u00c7mimin Evropian p\u00ebr Let\u00ebrsi p\u00ebr vitin 2026\t\t\t<\/a>\n\t\t<\/h3>\n\t\t\t\t<div class=\"elementor-post__excerpt\">\n\t\t\t<p>Tregimet e Shopovit jan\u00eb t\u00eb shkurtra, precize dhe t\u00eb sakta, por nj\u00ebkoh\u00ebsisht t\u00eb pasura. Ato jan\u00eb nj\u00eb praktik\u00eb mjesht\u00ebrore e filozofis\u00eb s\u00eb thjesht\u00eb t\u00eb miniatur\u00ebs \u2013<\/p>\n\t\t<\/div>\n\t\t\t\t\t<div class=\"elementor-post__read-more-wrapper\">\n\t\t\n\t\t<a class=\"elementor-post__read-more\" href=\"https:\/\/kultura.skopje.gov.mk\/sq\/%d0%b8%d0%b2%d0%b0%d0%bd-%d1%88%d0%be%d0%bf%d0%be%d0%b2-%d1%81%d0%be-%d0%b7%d0%b5%d0%bd%d1%82%d1%80%d0%b8%d1%84%d1%83%d0%b3%d0%b0-%d0%b5-%d0%bc%d0%b0%d0%ba%d0%b5%d0%b4%d0%be%d0%bd%d1%81%d0%ba%d0%b8\/\" aria-label=\"Read more about \u0418\u0432\u0430\u043d \u0428\u043e\u043f\u043e\u0432 \u0441\u043e \u0417\u0435\u043d\u0442\u0440\u0438\u0444\u0443\u0433\u0430 \u0435 \u043c\u0430\u043a\u0435\u0434\u043e\u043d\u0441\u043a\u0438 \u043a\u0430\u043d\u0434\u0438\u0434\u0430\u0442 \u0437\u0430 \u0415\u0432\u0440\u043e\u043f\u0441\u043a\u0430\u0442\u0430 \u043d\u0430\u0433\u0440\u0430\u0434\u0430 \u0437\u0430 \u043b\u0438\u0442\u0435\u0440\u0430\u0442\u0443\u0440\u0430 \u0437\u0430 2026 \u0433\u043e\u0434\u0438\u043d\u0430\" tabindex=\"-1\" target=\"_blank\">\n\t\t\tLexo m\u00eb shum\u00eb \u00bb\t\t<\/a>\n\n\t\t\t\t\t<\/div>\n\t\t\t\t<\/div>\n\t\t\t\t<div class=\"elementor-post__meta-data\">\n\t\t\t\t\t<span class=\"elementor-post-date\">\n\t\t\t10 Mars, 2026\t\t<\/span>\n\t\t\t\t<\/div>\n\t\t\t\t\t<\/div>\n\t\t<\/article>\n\t\t\t\t<article class=\"elementor-post elementor-grid-item post-85 post type-post status-publish format-standard has-post-thumbnail hentry category-4\" role=\"listitem\">\n\t\t\t<div class=\"elementor-post__card\">\n\t\t\t\t<a class=\"elementor-post__thumbnail__link\" href=\"https:\/\/kultura.skopje.gov.mk\/sq\/%d1%82%d1%80%d0%b0%d0%b3%d0%b0-13-%d0%b8%d0%b7%d0%bb%d0%be%d0%b6%d0%b1%d0%b0-%d0%bd%d0%b0-%d0%b4%d0%b0%d1%80%d0%ba%d0%be-%d1%85%d1%80%d0%b8%d1%81%d1%82%d0%be%d0%b2\/\" tabindex=\"-1\" target=\"_blank\"><div class=\"elementor-post__thumbnail\"><img decoding=\"async\" width=\"926\" height=\"780\" src=\"https:\/\/kultura.skopje.gov.mk\/wp-content\/uploads\/2026\/02\/\u0422\u0420\u0410\u0413\u0418-13.jpg\" class=\"attachment-full size-full wp-image-86\" alt=\"\" srcset=\"https:\/\/kultura.skopje.gov.mk\/wp-content\/uploads\/2026\/02\/\u0422\u0420\u0410\u0413\u0418-13.jpg 926w, https:\/\/kultura.skopje.gov.mk\/wp-content\/uploads\/2026\/02\/\u0422\u0420\u0410\u0413\u0418-13-300x253.jpg 300w, https:\/\/kultura.skopje.gov.mk\/wp-content\/uploads\/2026\/02\/\u0422\u0420\u0410\u0413\u0418-13-768x647.jpg 768w\" sizes=\"(max-width: 926px) 100vw, 926px\" \/><\/div><\/a>\n\t\t\t\t<div class=\"elementor-post__text\">\n\t\t\t\t<h3 class=\"elementor-post__title\">\n\t\t\t<a href=\"https:\/\/kultura.skopje.gov.mk\/sq\/%d1%82%d1%80%d0%b0%d0%b3%d0%b0-13-%d0%b8%d0%b7%d0%bb%d0%be%d0%b6%d0%b1%d0%b0-%d0%bd%d0%b0-%d0%b4%d0%b0%d1%80%d0%ba%d0%be-%d1%85%d1%80%d0%b8%d1%81%d1%82%d0%be%d0%b2\/\" target=\"&quot;_blank&quot;\">\n\t\t\t\tTRAGA \u2013 ekspozita 13 nga Darko Hristov\t\t\t<\/a>\n\t\t<\/h3>\n\t\t\t\t<div class=\"elementor-post__excerpt\">\n\t\t\t<p>M\u00eb 15 janar 2026 u hap ekspozita e 13-t\u00eb e Darko Hristsovski, me titull TRAGA-13, n\u00eb Galerin\u00eb e MKC-s\u00eb \u2013 Shkup.<\/p>\n\t\t<\/div>\n\t\t\t\t\t<div class=\"elementor-post__read-more-wrapper\">\n\t\t\n\t\t<a class=\"elementor-post__read-more\" href=\"https:\/\/kultura.skopje.gov.mk\/sq\/%d1%82%d1%80%d0%b0%d0%b3%d0%b0-13-%d0%b8%d0%b7%d0%bb%d0%be%d0%b6%d0%b1%d0%b0-%d0%bd%d0%b0-%d0%b4%d0%b0%d1%80%d0%ba%d0%be-%d1%85%d1%80%d0%b8%d1%81%d1%82%d0%be%d0%b2\/\" aria-label=\"Read more about \u0422\u0420\u0410\u0413\u0410 \u2013 13 \u0438\u0437\u043b\u043e\u0436\u0431\u0430 \u043d\u0430 \u0414\u0430\u0440\u043a\u043e \u0425\u0440\u0438\u0441\u0442\u043e\u0432\" tabindex=\"-1\" target=\"_blank\">\n\t\t\tLexo m\u00eb shum\u00eb \u00bb\t\t<\/a>\n\n\t\t\t\t\t<\/div>\n\t\t\t\t<\/div>\n\t\t\t\t<div class=\"elementor-post__meta-data\">\n\t\t\t\t\t<span class=\"elementor-post-date\">\n\t\t\t15 Janar, 2026\t\t<\/span>\n\t\t\t\t<\/div>\n\t\t\t\t\t<\/div>\n\t\t<\/article>\n\t\t\t\t<\/div>\n\t\t\n\t\t\t\t\t\t<\/div>\n\t\t\t\t<\/div>\n\t\t\t\t\t<\/div>\n\t\t\t\t<\/div>\n\t\t\t\t<\/div>","protected":false},"excerpt":{"rendered":"<p>Ngjarje<\/p>","protected":false},"author":1,"featured_media":0,"parent":0,"menu_order":0,"comment_status":"closed","ping_status":"closed","template":"","meta":{"site-sidebar-layout":"no-sidebar","site-content-layout":"","ast-site-content-layout":"full-width-container","site-content-style":"default","site-sidebar-style":"default","ast-global-header-display":"","ast-banner-title-visibility":"","ast-main-header-display":"","ast-hfb-above-header-display":"","ast-hfb-below-header-display":"","ast-hfb-mobile-header-display":"","site-post-title":"","ast-breadcrumbs-content":"","ast-featured-img":"disabled","footer-sml-layout":"","ast-disable-related-posts":"","theme-transparent-header-meta":"","adv-header-id-meta":"","stick-header-meta":"","header-above-stick-meta":"","header-main-stick-meta":"","header-below-stick-meta":"","astra-migrate-meta-layouts":"default","ast-page-background-enabled":"default","ast-page-background-meta":{"desktop":{"background-color":"var(--ast-global-color-5)","background-image":"","background-repeat":"repeat","background-position":"center center","background-size":"auto","background-attachment":"scroll","background-type":"","background-media":"","overlay-type":"","overlay-color":"","overlay-opacity":"","overlay-gradient":""},"tablet":{"background-color":"","background-image":"","background-repeat":"repeat","background-position":"center center","background-size":"auto","background-attachment":"scroll","background-type":"","background-media":"","overlay-type":"","overlay-color":"","overlay-opacity":"","overlay-gradient":""},"mobile":{"background-color":"","background-image":"","background-repeat":"repeat","background-position":"center center","background-size":"auto","background-attachment":"scroll","background-type":"","background-media":"","overlay-type":"","overlay-color":"","overlay-opacity":"","overlay-gradient":""}},"ast-content-background-meta":{"desktop":{"background-color":"var(--ast-global-color-4)","background-image":"","background-repeat":"repeat","background-position":"center center","background-size":"auto","background-attachment":"scroll","background-type":"","background-media":"","overlay-type":"","overlay-color":"","overlay-opacity":"","overlay-gradient":""},"tablet":{"background-color":"var(--ast-global-color-4)","background-image":"","background-repeat":"repeat","background-position":"center center","background-size":"auto","background-attachment":"scroll","background-type":"","background-media":"","overlay-type":"","overlay-color":"","overlay-opacity":"","overlay-gradient":""},"mobile":{"background-color":"var(--ast-global-color-4)","background-image":"","background-repeat":"repeat","background-position":"center center","background-size":"auto","background-attachment":"scroll","background-type":"","background-media":"","overlay-type":"","overlay-color":"","overlay-opacity":"","overlay-gradient":""}},"footnotes":""},"class_list":["post-21","page","type-page","status-publish","hentry"],"_links":{"self":[{"href":"https:\/\/kultura.skopje.gov.mk\/sq\/wp-json\/wp\/v2\/pages\/21","targetHints":{"allow":["GET"]}}],"collection":[{"href":"https:\/\/kultura.skopje.gov.mk\/sq\/wp-json\/wp\/v2\/pages"}],"about":[{"href":"https:\/\/kultura.skopje.gov.mk\/sq\/wp-json\/wp\/v2\/types\/page"}],"author":[{"embeddable":true,"href":"https:\/\/kultura.skopje.gov.mk\/sq\/wp-json\/wp\/v2\/users\/1"}],"replies":[{"embeddable":true,"href":"https:\/\/kultura.skopje.gov.mk\/sq\/wp-json\/wp\/v2\/comments?post=21"}],"version-history":[{"count":10,"href":"https:\/\/kultura.skopje.gov.mk\/sq\/wp-json\/wp\/v2\/pages\/21\/revisions"}],"predecessor-version":[{"id":83,"href":"https:\/\/kultura.skopje.gov.mk\/sq\/wp-json\/wp\/v2\/pages\/21\/revisions\/83"}],"wp:attachment":[{"href":"https:\/\/kultura.skopje.gov.mk\/sq\/wp-json\/wp\/v2\/media?parent=21"}],"curies":[{"name":"wp","href":"https:\/\/api.w.org\/{rel}","templated":true}]}}