{"id":25,"date":"2026-02-25T23:38:41","date_gmt":"2026-02-25T23:38:41","guid":{"rendered":"https:\/\/kultura.skopje.gov.mk\/?page_id=25"},"modified":"2026-03-06T13:13:38","modified_gmt":"2026-03-06T13:13:38","slug":"%d0%ba%d1%83%d0%bb%d1%82%d1%83%d1%80%d0%bd%d0%b8-%d1%83%d1%81%d1%82%d0%b0%d0%bd%d0%be%d0%b2%d0%b8","status":"publish","type":"page","link":"https:\/\/kultura.skopje.gov.mk\/sq\/%d0%ba%d1%83%d0%bb%d1%82%d1%83%d1%80%d0%bd%d0%b8-%d1%83%d1%81%d1%82%d0%b0%d0%bd%d0%be%d0%b2%d0%b8\/","title":{"rendered":"Institucionet kulturore"},"content":{"rendered":"<div data-elementor-type=\"wp-page\" data-elementor-id=\"25\" class=\"elementor elementor-25\" data-elementor-post-type=\"page\">\n\t\t\t\t<div class=\"elementor-element elementor-element-c60aa29 e-flex e-con-boxed e-con e-parent\" data-id=\"c60aa29\" data-element_type=\"container\" data-e-type=\"container\">\n\t\t\t\t\t<div class=\"e-con-inner\">\n\t\t\t\t<div class=\"elementor-element elementor-element-0c2d88d elementor-headline--style-highlight elementor-widget elementor-widget-animated-headline\" data-id=\"0c2d88d\" data-element_type=\"widget\" data-e-type=\"widget\" data-settings=\"{&quot;marker&quot;:&quot;double&quot;,&quot;highlighted_text&quot;:&quot;\\u041a\\u0443\\u043b\\u0442\\u0443\\u0440\\u043d\\u0438 \\u0443\\u0441\\u0442\\u0430\\u043d\\u043e\\u0432\\u0438&quot;,&quot;headline_style&quot;:&quot;highlight&quot;,&quot;loop&quot;:&quot;yes&quot;,&quot;highlight_animation_duration&quot;:1200,&quot;highlight_iteration_delay&quot;:8000}\" data-widget_type=\"animated-headline.default\">\n\t\t\t\t\t\t\t<h3 class=\"elementor-headline\">\n\t\t\t\t<span class=\"elementor-headline-dynamic-wrapper elementor-headline-text-wrapper\">\n\t\t\t\t\t<span class=\"elementor-headline-dynamic-text elementor-headline-text-active\">Institucionet kulturore<\/span>\n\t\t\t\t<\/span>\n\t\t\t\t<\/h3>\n\t\t\t\t\t\t<\/div>\n\t\t\t\t\t<\/div>\n\t\t\t\t<\/div>\n\t\t<div class=\"elementor-element elementor-element-651c06f e-grid e-con-boxed e-con e-parent\" data-id=\"651c06f\" data-element_type=\"container\" data-e-type=\"container\">\n\t\t\t\t\t<div class=\"e-con-inner\">\n\t\t\t\t<div class=\"elementor-element elementor-element-a1539c4 elementor-position-top elementor-widget elementor-widget-image-box\" data-id=\"a1539c4\" data-element_type=\"widget\" data-e-type=\"widget\" data-widget_type=\"image-box.default\">\n\t\t\t\t\t<div class=\"elementor-image-box-wrapper\"><figure class=\"elementor-image-box-img\"><a href=\"https:\/\/kultura.skopje.gov.mk\/sq\/%d0%bc%d1%83%d0%b7%d0%b5%d1%98-%d0%bd%d0%b0-%d0%b3%d1%80%d0%b0%d0%b4-%d1%81%d0%ba%d0%be%d0%bf%d1%98%d0%b5\/\" tabindex=\"-1\"><img fetchpriority=\"high\" decoding=\"async\" width=\"11904\" height=\"8212\" src=\"https:\/\/kultura.skopje.gov.mk\/wp-content\/uploads\/2026\/02\/\u043b\u043e\u0433\u043e-\u043c\u0443\u0437\u0435\u0458.png\" class=\"attachment-full size-full wp-image-129\" alt=\"\" \/><\/a><\/figure><div class=\"elementor-image-box-content\"><h3 class=\"elementor-image-box-title\"><a href=\"https:\/\/kultura.skopje.gov.mk\/sq\/%d0%bc%d1%83%d0%b7%d0%b5%d1%98-%d0%bd%d0%b0-%d0%b3%d1%80%d0%b0%d0%b4-%d1%81%d0%ba%d0%be%d0%bf%d1%98%d0%b5\/\">Muzeu i Qytetit t\u00eb Shkupit<\/a><\/h3><\/div><\/div>\t\t\t\t<\/div>\n\t\t\t\t<div class=\"elementor-element elementor-element-4041a1f elementor-position-top elementor-widget elementor-widget-image-box\" data-id=\"4041a1f\" data-element_type=\"widget\" data-e-type=\"widget\" data-widget_type=\"image-box.default\">\n\t\t\t\t\t<div class=\"elementor-image-box-wrapper\"><figure class=\"elementor-image-box-img\"><a href=\"https:\/\/kultura.skopje.gov.mk\/sq\/%d0%bc%d0%bb%d0%b0%d0%b4%d0%b8%d0%bd%d1%81%d0%ba%d0%b8-%d0%ba%d1%83%d0%bb%d1%82%d1%83%d1%80%d0%b5%d0%bd-%d1%86%d0%b5%d0%bd%d1%82%d0%b0%d1%80\/\" tabindex=\"-1\"><img decoding=\"async\" width=\"1784\" height=\"1772\" src=\"https:\/\/kultura.skopje.gov.mk\/wp-content\/uploads\/2026\/02\/MKC-logo.jpg\" class=\"attachment-full size-full wp-image-125\" alt=\"\" srcset=\"https:\/\/kultura.skopje.gov.mk\/wp-content\/uploads\/2026\/02\/MKC-logo.jpg 1784w, https:\/\/kultura.skopje.gov.mk\/wp-content\/uploads\/2026\/02\/MKC-logo-300x298.jpg 300w, https:\/\/kultura.skopje.gov.mk\/wp-content\/uploads\/2026\/02\/MKC-logo-1024x1017.jpg 1024w, https:\/\/kultura.skopje.gov.mk\/wp-content\/uploads\/2026\/02\/MKC-logo-150x150.jpg 150w, https:\/\/kultura.skopje.gov.mk\/wp-content\/uploads\/2026\/02\/MKC-logo-768x763.jpg 768w, https:\/\/kultura.skopje.gov.mk\/wp-content\/uploads\/2026\/02\/MKC-logo-1536x1526.jpg 1536w\" sizes=\"(max-width: 1784px) 100vw, 1784px\" \/><\/a><\/figure><div class=\"elementor-image-box-content\"><h3 class=\"elementor-image-box-title\"><a href=\"https:\/\/kultura.skopje.gov.mk\/sq\/%d0%bc%d0%bb%d0%b0%d0%b4%d0%b8%d0%bd%d1%81%d0%ba%d0%b8-%d0%ba%d1%83%d0%bb%d1%82%d1%83%d1%80%d0%b5%d0%bd-%d1%86%d0%b5%d0%bd%d1%82%d0%b0%d1%80\/\">QKR<\/a><\/h3><\/div><\/div>\t\t\t\t<\/div>\n\t\t\t\t<div class=\"elementor-element elementor-element-42e2a6b elementor-position-top elementor-widget elementor-widget-image-box\" data-id=\"42e2a6b\" data-element_type=\"widget\" data-e-type=\"widget\" data-widget_type=\"image-box.default\">\n\t\t\t\t\t<div class=\"elementor-image-box-wrapper\"><figure class=\"elementor-image-box-img\"><a href=\"https:\/\/kultura.skopje.gov.mk\/sq\/%d1%83%d0%bd%d0%b8%d0%b2%d0%b5%d1%80%d0%b7%d0%b0%d0%bb%d0%bd%d0%b0-%d1%81%d0%b0%d0%bb%d0%b0\/\" tabindex=\"-1\"><img decoding=\"async\" width=\"1181\" height=\"1187\" src=\"https:\/\/kultura.skopje.gov.mk\/wp-content\/uploads\/2026\/02\/LOGO_UNIVERZALNA_SALA.jpg\" class=\"attachment-full size-full wp-image-128\" alt=\"\" srcset=\"https:\/\/kultura.skopje.gov.mk\/wp-content\/uploads\/2026\/02\/LOGO_UNIVERZALNA_SALA.jpg 1181w, https:\/\/kultura.skopje.gov.mk\/wp-content\/uploads\/2026\/02\/LOGO_UNIVERZALNA_SALA-298x300.jpg 298w, https:\/\/kultura.skopje.gov.mk\/wp-content\/uploads\/2026\/02\/LOGO_UNIVERZALNA_SALA-1019x1024.jpg 1019w, https:\/\/kultura.skopje.gov.mk\/wp-content\/uploads\/2026\/02\/LOGO_UNIVERZALNA_SALA-150x150.jpg 150w, https:\/\/kultura.skopje.gov.mk\/wp-content\/uploads\/2026\/02\/LOGO_UNIVERZALNA_SALA-768x772.jpg 768w\" sizes=\"(max-width: 1181px) 100vw, 1181px\" \/><\/a><\/figure><div class=\"elementor-image-box-content\"><h3 class=\"elementor-image-box-title\"><a href=\"https:\/\/kultura.skopje.gov.mk\/sq\/%d1%83%d0%bd%d0%b8%d0%b2%d0%b5%d1%80%d0%b7%d0%b0%d0%bb%d0%bd%d0%b0-%d1%81%d0%b0%d0%bb%d0%b0\/\">Salla Universale<\/a><\/h3><\/div><\/div>\t\t\t\t<\/div>\n\t\t\t\t<div class=\"elementor-element elementor-element-63d7bc4 elementor-position-top elementor-widget elementor-widget-image-box\" data-id=\"63d7bc4\" data-element_type=\"widget\" data-e-type=\"widget\" data-widget_type=\"image-box.default\">\n\t\t\t\t\t<div class=\"elementor-image-box-wrapper\"><figure class=\"elementor-image-box-img\"><a href=\"https:\/\/kultura.skopje.gov.mk\/sq\/%d0%b7%d0%be%d0%be%d0%bb%d0%be%d1%88%d0%ba%d0%b0-%d0%b3%d1%80%d0%b0%d0%b4%d0%b8%d0%bd%d0%b0-%d1%81%d0%ba%d0%be%d0%bf%d1%98%d0%b5\/\" tabindex=\"-1\"><img loading=\"lazy\" decoding=\"async\" width=\"1200\" height=\"547\" src=\"https:\/\/kultura.skopje.gov.mk\/wp-content\/uploads\/2026\/02\/ZOOLogo-kirilica-Long.jpg\" class=\"attachment-full size-full wp-image-127\" alt=\"\" srcset=\"https:\/\/kultura.skopje.gov.mk\/wp-content\/uploads\/2026\/02\/ZOOLogo-kirilica-Long.jpg 1200w, https:\/\/kultura.skopje.gov.mk\/wp-content\/uploads\/2026\/02\/ZOOLogo-kirilica-Long-300x137.jpg 300w, https:\/\/kultura.skopje.gov.mk\/wp-content\/uploads\/2026\/02\/ZOOLogo-kirilica-Long-1024x467.jpg 1024w, https:\/\/kultura.skopje.gov.mk\/wp-content\/uploads\/2026\/02\/ZOOLogo-kirilica-Long-768x350.jpg 768w\" sizes=\"(max-width: 1200px) 100vw, 1200px\" \/><\/a><\/figure><div class=\"elementor-image-box-content\"><h3 class=\"elementor-image-box-title\"><a href=\"https:\/\/kultura.skopje.gov.mk\/sq\/%d0%b7%d0%be%d0%be%d0%bb%d0%be%d1%88%d0%ba%d0%b0-%d0%b3%d1%80%d0%b0%d0%b4%d0%b8%d0%bd%d0%b0-%d1%81%d0%ba%d0%be%d0%bf%d1%98%d0%b5\/\">Zoo \u2013 Shkup<\/a><\/h3><\/div><\/div>\t\t\t\t<\/div>\n\t\t\t\t<div class=\"elementor-element elementor-element-d4a5152 elementor-position-top elementor-widget elementor-widget-image-box\" data-id=\"d4a5152\" data-element_type=\"widget\" data-e-type=\"widget\" data-widget_type=\"image-box.default\">\n\t\t\t\t\t<div class=\"elementor-image-box-wrapper\"><figure class=\"elementor-image-box-img\"><a href=\"https:\/\/kultura.skopje.gov.mk\/sq\/%d0%b1%d0%b8%d0%b1%d0%bb%d0%b8%d0%be%d1%82%d0%b5%d0%ba%d0%b0-%d0%b1%d1%80%d0%b0%d1%9c%d0%b0-%d0%bc%d0%b8%d0%bb%d0%b0%d0%b4%d0%b8%d0%bd%d0%be%d0%b2%d1%86%d0%b8\/\" tabindex=\"-1\"><img loading=\"lazy\" decoding=\"async\" width=\"1080\" height=\"900\" src=\"https:\/\/kultura.skopje.gov.mk\/wp-content\/uploads\/2026\/02\/LOGO-Biblioteka.png\" class=\"attachment-full size-full wp-image-123\" alt=\"\" srcset=\"https:\/\/kultura.skopje.gov.mk\/wp-content\/uploads\/2026\/02\/LOGO-Biblioteka.png 1080w, https:\/\/kultura.skopje.gov.mk\/wp-content\/uploads\/2026\/02\/LOGO-Biblioteka-300x250.png 300w, https:\/\/kultura.skopje.gov.mk\/wp-content\/uploads\/2026\/02\/LOGO-Biblioteka-1024x853.png 1024w, https:\/\/kultura.skopje.gov.mk\/wp-content\/uploads\/2026\/02\/LOGO-Biblioteka-768x640.png 768w\" sizes=\"(max-width: 1080px) 100vw, 1080px\" \/><\/a><\/figure><div class=\"elementor-image-box-content\"><h3 class=\"elementor-image-box-title\"><a href=\"https:\/\/kultura.skopje.gov.mk\/sq\/%d0%b1%d0%b8%d0%b1%d0%bb%d0%b8%d0%be%d1%82%d0%b5%d0%ba%d0%b0-%d0%b1%d1%80%d0%b0%d1%9c%d0%b0-%d0%bc%d0%b8%d0%bb%d0%b0%d0%b4%d0%b8%d0%bd%d0%be%d0%b2%d1%86%d0%b8\/\">Biblioteka<br>Brakja Miladinovci<\/a><\/h3><\/div><\/div>\t\t\t\t<\/div>\n\t\t\t\t<div class=\"elementor-element elementor-element-09deda9 elementor-position-top elementor-widget elementor-widget-image-box\" data-id=\"09deda9\" data-element_type=\"widget\" data-e-type=\"widget\" data-widget_type=\"image-box.default\">\n\t\t\t\t\t<div class=\"elementor-image-box-wrapper\"><figure class=\"elementor-image-box-img\"><a href=\"https:\/\/kultura.skopje.gov.mk\/sq\/%d0%b4%d0%b5%d1%82%d1%81%d0%ba%d0%b8-%d0%ba%d1%83%d0%bb%d1%82%d1%83%d1%80%d0%b5%d0%bd-%d1%86%d0%b5%d0%bd%d1%82%d0%b0%d1%80-%d0%ba%d0%b0%d1%80%d0%bf%d0%be%d1%88\/\" tabindex=\"-1\"><img loading=\"lazy\" decoding=\"async\" width=\"1711\" height=\"1501\" src=\"https:\/\/kultura.skopje.gov.mk\/wp-content\/uploads\/2026\/02\/logo-dkc.jpg\" class=\"attachment-full size-full wp-image-122\" alt=\"\" srcset=\"https:\/\/kultura.skopje.gov.mk\/wp-content\/uploads\/2026\/02\/logo-dkc.jpg 1711w, https:\/\/kultura.skopje.gov.mk\/wp-content\/uploads\/2026\/02\/logo-dkc-300x263.jpg 300w, https:\/\/kultura.skopje.gov.mk\/wp-content\/uploads\/2026\/02\/logo-dkc-1024x898.jpg 1024w, https:\/\/kultura.skopje.gov.mk\/wp-content\/uploads\/2026\/02\/logo-dkc-768x674.jpg 768w, https:\/\/kultura.skopje.gov.mk\/wp-content\/uploads\/2026\/02\/logo-dkc-1536x1347.jpg 1536w\" sizes=\"(max-width: 1711px) 100vw, 1711px\" \/><\/a><\/figure><div class=\"elementor-image-box-content\"><h3 class=\"elementor-image-box-title\"><a href=\"https:\/\/kultura.skopje.gov.mk\/sq\/%d0%b4%d0%b5%d1%82%d1%81%d0%ba%d0%b8-%d0%ba%d1%83%d0%bb%d1%82%d1%83%d1%80%d0%b5%d0%bd-%d1%86%d0%b5%d0%bd%d1%82%d0%b0%d1%80-%d0%ba%d0%b0%d1%80%d0%bf%d0%be%d1%88\/\">Qendra Kulturore e F\u00ebmij\u00ebve - Karposh<\/a><\/h3><\/div><\/div>\t\t\t\t<\/div>\n\t\t\t\t<div class=\"elementor-element elementor-element-440171d elementor-position-top elementor-widget elementor-widget-image-box\" data-id=\"440171d\" data-element_type=\"widget\" data-e-type=\"widget\" data-widget_type=\"image-box.default\">\n\t\t\t\t\t<div class=\"elementor-image-box-wrapper\"><figure class=\"elementor-image-box-img\"><a href=\"https:\/\/kultura.skopje.gov.mk\/sq\/%d0%ba%d1%83%d0%bb%d1%82%d1%83%d1%80%d0%bd%d0%be-%d0%b8%d0%bd%d1%84%d0%be%d1%80%d0%bc%d0%b0%d1%82%d0%b8%d0%b2%d0%b5%d0%bd-%d1%86%d0%b5%d0%bd%d1%82%d0%b0%d1%80\/\" tabindex=\"-1\"><img loading=\"lazy\" decoding=\"async\" width=\"1181\" height=\"1181\" src=\"https:\/\/kultura.skopje.gov.mk\/wp-content\/uploads\/2026\/02\/LOGO-KIC.png\" class=\"attachment-full size-full wp-image-124\" alt=\"\" srcset=\"https:\/\/kultura.skopje.gov.mk\/wp-content\/uploads\/2026\/02\/LOGO-KIC.png 1181w, https:\/\/kultura.skopje.gov.mk\/wp-content\/uploads\/2026\/02\/LOGO-KIC-300x300.png 300w, https:\/\/kultura.skopje.gov.mk\/wp-content\/uploads\/2026\/02\/LOGO-KIC-1024x1024.png 1024w, https:\/\/kultura.skopje.gov.mk\/wp-content\/uploads\/2026\/02\/LOGO-KIC-150x150.png 150w, https:\/\/kultura.skopje.gov.mk\/wp-content\/uploads\/2026\/02\/LOGO-KIC-768x768.png 768w\" sizes=\"(max-width: 1181px) 100vw, 1181px\" \/><\/a><\/figure><div class=\"elementor-image-box-content\"><h3 class=\"elementor-image-box-title\"><a href=\"https:\/\/kultura.skopje.gov.mk\/sq\/%d0%ba%d1%83%d0%bb%d1%82%d1%83%d1%80%d0%bd%d0%be-%d0%b8%d0%bd%d1%84%d0%be%d1%80%d0%bc%d0%b0%d1%82%d0%b8%d0%b2%d0%b5%d0%bd-%d1%86%d0%b5%d0%bd%d1%82%d0%b0%d1%80\/\">Qendra e Informacionit Kulturor<\/a><\/h3><\/div><\/div>\t\t\t\t<\/div>\n\t\t\t\t<div class=\"elementor-element elementor-element-bfec18f elementor-position-top elementor-widget elementor-widget-image-box\" data-id=\"bfec18f\" data-element_type=\"widget\" data-e-type=\"widget\" data-widget_type=\"image-box.default\">\n\t\t\t\t\t<div class=\"elementor-image-box-wrapper\"><figure class=\"elementor-image-box-img\"><a href=\"https:\/\/kultura.skopje.gov.mk\/sq\/%d0%b4%d0%be%d0%bc-%d0%bd%d0%b0-%d0%ba%d1%83%d0%bb%d1%82%d1%83%d1%80%d0%b0-%d0%ba%d0%be%d1%87%d0%be-%d1%80%d0%b0%d1%86%d0%b8%d0%bd\/\" tabindex=\"-1\"><img loading=\"lazy\" decoding=\"async\" width=\"298\" height=\"294\" src=\"https:\/\/kultura.skopje.gov.mk\/wp-content\/uploads\/2026\/02\/logo-Koco-Racin.png\" class=\"attachment-full size-full wp-image-126\" alt=\"\" \/><\/a><\/figure><div class=\"elementor-image-box-content\"><h3 class=\"elementor-image-box-title\"><a href=\"https:\/\/kultura.skopje.gov.mk\/sq\/%d0%b4%d0%be%d0%bc-%d0%bd%d0%b0-%d0%ba%d1%83%d0%bb%d1%82%d1%83%d1%80%d0%b0-%d0%ba%d0%be%d1%87%d0%be-%d1%80%d0%b0%d1%86%d0%b8%d0%bd\/\">Sht\u00ebpia e Kultur\u00ebs<br>Kocho Rac\u00edn<\/a><\/h3><\/div><\/div>\t\t\t\t<\/div>\n\t\t\t\t\t<\/div>\n\t\t\t\t<\/div>\n\t\t\t\t<\/div>","protected":false},"excerpt":{"rendered":"<p>\u041a\u0443\u043b\u0442\u0443\u0440\u043d\u0438 \u0443\u0441\u0442\u0430\u043d\u043e\u0432\u0438 \u041c\u0443\u0437\u0435\u0458 \u043d\u0430 \u0413\u0440\u0430\u0434 \u0421\u043a\u043e\u043f\u0458\u0435 \u041c\u041a\u0426 \u0423\u043d\u0438\u0432\u0435\u0440\u0437\u0430\u043b\u043d\u0430 \u0421\u0430\u043b\u0430 \u0417\u043e\u043e\u043b\u043e\u0448\u043a\u0430 \u0433\u0440\u0430\u0434\u0438\u043d\u0430 \u0411\u0438\u0431\u043b\u0438\u043e\u0442\u0435\u043a\u0430\u0411\u0440\u0430\u045c\u0430 \u041c\u0438\u043b\u0430\u0434\u0438\u043d\u043e\u0432\u0446\u0438 \u0414\u0435\u0442\u0441\u043a\u0438 \u043a\u0443\u043b\u0442\u0443\u0440\u0435\u043d \u0446\u0435\u043d\u0442\u0430\u0440 &#8211; \u041a\u0430\u0440\u043f\u043e\u0448 \u041a\u0443\u043b\u0442\u0443\u0440\u043d\u043e \u0438\u043d\u0444\u043e\u0440\u043c\u0430\u0442\u0438\u0432\u0435\u043d [&hellip;]<\/p>\n","protected":false},"author":1,"featured_media":0,"parent":0,"menu_order":0,"comment_status":"closed","ping_status":"closed","template":"","meta":{"site-sidebar-layout":"no-sidebar","site-content-layout":"","ast-site-content-layout":"full-width-container","site-content-style":"default","site-sidebar-style":"default","ast-global-header-display":"","ast-banner-title-visibility":"","ast-main-header-display":"","ast-hfb-above-header-display":"","ast-hfb-below-header-display":"","ast-hfb-mobile-header-display":"","site-post-title":"","ast-breadcrumbs-content":"","ast-featured-img":"disabled","footer-sml-layout":"","ast-disable-related-posts":"","theme-transparent-header-meta":"","adv-header-id-meta":"","stick-header-meta":"","header-above-stick-meta":"","header-main-stick-meta":"","header-below-stick-meta":"","astra-migrate-meta-layouts":"default","ast-page-background-enabled":"default","ast-page-background-meta":{"desktop":{"background-color":"var(--ast-global-color-5)","background-image":"","background-repeat":"repeat","background-position":"center center","background-size":"auto","background-attachment":"scroll","background-type":"","background-media":"","overlay-type":"","overlay-color":"","overlay-opacity":"","overlay-gradient":""},"tablet":{"background-color":"","background-image":"","background-repeat":"repeat","background-position":"center center","background-size":"auto","background-attachment":"scroll","background-type":"","background-media":"","overlay-type":"","overlay-color":"","overlay-opacity":"","overlay-gradient":""},"mobile":{"background-color":"","background-image":"","background-repeat":"repeat","background-position":"center center","background-size":"auto","background-attachment":"scroll","background-type":"","background-media":"","overlay-type":"","overlay-color":"","overlay-opacity":"","overlay-gradient":""}},"ast-content-background-meta":{"desktop":{"background-color":"var(--ast-global-color-4)","background-image":"","background-repeat":"repeat","background-position":"center center","background-size":"auto","background-attachment":"scroll","background-type":"","background-media":"","overlay-type":"","overlay-color":"","overlay-opacity":"","overlay-gradient":""},"tablet":{"background-color":"var(--ast-global-color-4)","background-image":"","background-repeat":"repeat","background-position":"center center","background-size":"auto","background-attachment":"scroll","background-type":"","background-media":"","overlay-type":"","overlay-color":"","overlay-opacity":"","overlay-gradient":""},"mobile":{"background-color":"var(--ast-global-color-4)","background-image":"","background-repeat":"repeat","background-position":"center center","background-size":"auto","background-attachment":"scroll","background-type":"","background-media":"","overlay-type":"","overlay-color":"","overlay-opacity":"","overlay-gradient":""}},"footnotes":""},"class_list":["post-25","page","type-page","status-publish","hentry"],"_links":{"self":[{"href":"https:\/\/kultura.skopje.gov.mk\/sq\/wp-json\/wp\/v2\/pages\/25","targetHints":{"allow":["GET"]}}],"collection":[{"href":"https:\/\/kultura.skopje.gov.mk\/sq\/wp-json\/wp\/v2\/pages"}],"about":[{"href":"https:\/\/kultura.skopje.gov.mk\/sq\/wp-json\/wp\/v2\/types\/page"}],"author":[{"embeddable":true,"href":"https:\/\/kultura.skopje.gov.mk\/sq\/wp-json\/wp\/v2\/users\/1"}],"replies":[{"embeddable":true,"href":"https:\/\/kultura.skopje.gov.mk\/sq\/wp-json\/wp\/v2\/comments?post=25"}],"version-history":[{"count":4,"href":"https:\/\/kultura.skopje.gov.mk\/sq\/wp-json\/wp\/v2\/pages\/25\/revisions"}],"predecessor-version":[{"id":353,"href":"https:\/\/kultura.skopje.gov.mk\/sq\/wp-json\/wp\/v2\/pages\/25\/revisions\/353"}],"wp:attachment":[{"href":"https:\/\/kultura.skopje.gov.mk\/sq\/wp-json\/wp\/v2\/media?parent=25"}],"curies":[{"name":"wp","href":"https:\/\/api.w.org\/{rel}","templated":true}]}}