{"id":27,"date":"2026-02-25T23:38:59","date_gmt":"2026-02-25T23:38:59","guid":{"rendered":"https:\/\/kultura.skopje.gov.mk\/?page_id=27"},"modified":"2026-02-26T01:09:50","modified_gmt":"2026-02-26T01:09:50","slug":"%d1%81%d0%ba%d0%be%d0%bf%d1%98%d0%b5-2028","status":"publish","type":"page","link":"https:\/\/kultura.skopje.gov.mk\/sq\/%d1%81%d0%ba%d0%be%d0%bf%d1%98%d0%b5-2028\/","title":{"rendered":"Shkup 2028"},"content":{"rendered":"<div data-elementor-type=\"wp-page\" data-elementor-id=\"27\" class=\"elementor elementor-27\" data-elementor-post-type=\"page\">\n\t\t\t\t<div class=\"elementor-element elementor-element-f160c46 e-flex e-con-boxed e-con e-parent\" data-id=\"f160c46\" data-element_type=\"container\" data-e-type=\"container\">\n\t\t\t\t\t<div class=\"e-con-inner\">\n\t\t\t\t<div class=\"elementor-element elementor-element-8033c38 elementor-widget elementor-widget-image\" data-id=\"8033c38\" data-element_type=\"widget\" data-e-type=\"widget\" data-widget_type=\"image.default\">\n\t\t\t\t\t\t\t\t\t\t\t\t\t\t\t<img fetchpriority=\"high\" decoding=\"async\" width=\"1024\" height=\"379\" src=\"https:\/\/kultura.skopje.gov.mk\/wp-content\/uploads\/2026\/02\/402180133_825519766244441_8559992711576992592_n-1024x379.png\" class=\"attachment-large size-large wp-image-116\" alt=\"\" srcset=\"https:\/\/kultura.skopje.gov.mk\/wp-content\/uploads\/2026\/02\/402180133_825519766244441_8559992711576992592_n-1024x379.png 1024w, https:\/\/kultura.skopje.gov.mk\/wp-content\/uploads\/2026\/02\/402180133_825519766244441_8559992711576992592_n-300x111.png 300w, https:\/\/kultura.skopje.gov.mk\/wp-content\/uploads\/2026\/02\/402180133_825519766244441_8559992711576992592_n-768x284.png 768w, https:\/\/kultura.skopje.gov.mk\/wp-content\/uploads\/2026\/02\/402180133_825519766244441_8559992711576992592_n-1536x569.png 1536w, https:\/\/kultura.skopje.gov.mk\/wp-content\/uploads\/2026\/02\/402180133_825519766244441_8559992711576992592_n.png 1796w\" sizes=\"(max-width: 1024px) 100vw, 1024px\" \/>\t\t\t\t\t\t\t\t\t\t\t\t\t\t\t<\/div>\n\t\t\t\t<div class=\"elementor-element elementor-element-805904d elementor-widget elementor-widget-heading\" data-id=\"805904d\" data-element_type=\"widget\" data-e-type=\"widget\" data-widget_type=\"heading.default\">\n\t\t\t\t\t<h2 class=\"elementor-heading-title elementor-size-default\">Kryeqyteti Evropian i Kultur\u00ebs \u2013 Shkup 2028<\/h2>\t\t\t\t<\/div>\n\t\t\t\t<div class=\"elementor-element elementor-element-c4a42cf elementor-widget elementor-widget-text-editor\" data-id=\"c4a42cf\" data-element_type=\"widget\" data-e-type=\"widget\" data-widget_type=\"text-editor.default\">\n\t\t\t\t\t\t\t\t\t<p class=\"translation-block\">Shkupi mori titullin Kryeqyteti Evropian i Kultur\u00ebs 2028 si mund\u00ebsi p\u00ebr transformim t\u00eb thell\u00eb kulturor, bashk\u00ebpunim nd\u00ebrkomb\u00ebtar dhe zhvillim afatgjat\u00eb t\u00eb qytetit p\u00ebrmes kultur\u00ebs.<\/p><p>Kjo iniciativ\u00eb e pozicionon kultur\u00ebn si motor ky\u00e7 t\u00eb kohezionit shoq\u00ebror, ekonomis\u00eb kreative dhe zhvillimit urban, duke hapur hap\u00ebsir\u00eb p\u00ebr dialog mes lokalit dhe evropianit, tradicionales dhe bashk\u00ebkohores, si dhe krijimtaris\u00eb kulturore institucionale dhe asaj t\u00eb pavarur.<\/p>\t\t\t\t\t\t\t\t<\/div>\n\t\t\t\t<div class=\"elementor-element elementor-element-60409e4 elementor-widget elementor-widget-heading\" data-id=\"60409e4\" data-element_type=\"widget\" data-e-type=\"widget\" data-widget_type=\"heading.default\">\n\t\t\t\t\t<h2 class=\"elementor-heading-title elementor-size-default\">Vizioni<\/h2>\t\t\t\t<\/div>\n\t\t\t\t<div class=\"elementor-element elementor-element-f3c2980 elementor-widget elementor-widget-text-editor\" data-id=\"f3c2980\" data-element_type=\"widget\" data-e-type=\"widget\" data-widget_type=\"text-editor.default\">\n\t\t\t\t\t\t\t\t\t<p>Shkupi 2028 e nd\u00ebrton vizionin e tij mbi iden\u00eb e qytetit si ekosistem i hapur kulturor \u2013 nj\u00eb qytet q\u00eb lidh identitetet e ndryshme kulturore, nxit pjes\u00ebmarrjen aktive t\u00eb qytetar\u00ebve dhe krijon kushte p\u00ebr zhvillim t\u00eb q\u00ebndruesh\u00ebm kulturor.<\/p><p><strong>Programi bazohet n\u00eb:<\/strong><\/p><p>\u2013 dialog nd\u00ebrkulturor dhe vlera evropiane,<br \/>\u2013 p\u00ebrfshirjen e komuniteteve dhe t\u00eb rinjve,<br \/>\u2013 mb\u00ebshtetjen e artit bashk\u00ebkohor dhe inovacioneve kulturore,<br \/>\u2013 riafirmimin e trash\u00ebgimis\u00eb kulturore n\u00eb kontekst bashk\u00ebkohor.<\/p>\t\t\t\t\t\t\t\t<\/div>\n\t\t\t\t<div class=\"elementor-element elementor-element-897ed00 elementor-widget elementor-widget-heading\" data-id=\"897ed00\" data-element_type=\"widget\" data-e-type=\"widget\" data-widget_type=\"heading.default\">\n\t\t\t\t\t<h2 class=\"elementor-heading-title elementor-size-default\">Kultura si hap\u00ebsir\u00eb e p\u00ebrbashk\u00ebt<\/h2>\t\t\t\t<\/div>\n\t\t\t\t<div class=\"elementor-element elementor-element-acf2467 elementor-widget elementor-widget-text-editor\" data-id=\"acf2467\" data-element_type=\"widget\" data-e-type=\"widget\" data-widget_type=\"text-editor.default\">\n\t\t\t\t\t\t\t\t\t<p class=\"translation-block\">Shkupi 2028 e sheh kultur\u00ebn si hap\u00ebsir\u00eb t\u00eb p\u00ebrbashk\u00ebt publike \u2013 vend takimi, shk\u00ebmbimi dhe krijimtarie. P\u00ebrmes programeve artistike, ngjarjeve kulturore, projekteve edukative dhe pjes\u00ebmarr\u00ebse, qyteti do t\u00eb hapet ndaj Evrop\u00ebs dhe bot\u00ebs, duke forcuar nj\u00ebkoh\u00ebsisht kapacitetet kulturore lokale.<\/p>\t\t\t\t\t\t\t\t<\/div>\n\t\t\t\t<div class=\"elementor-element elementor-element-eb58e36 elementor-widget elementor-widget-heading\" data-id=\"eb58e36\" data-element_type=\"widget\" data-e-type=\"widget\" data-widget_type=\"heading.default\">\n\t\t\t\t\t<h2 class=\"elementor-heading-title elementor-size-default\">Dimensioni evropian<\/h2>\t\t\t\t<\/div>\n\t\t\t\t<div class=\"elementor-element elementor-element-1d14b4a elementor-widget elementor-widget-text-editor\" data-id=\"1d14b4a\" data-element_type=\"widget\" data-e-type=\"widget\" data-widget_type=\"text-editor.default\">\n\t\t\t\t\t\t\t\t\t<p>N\u00eb kuad\u00ebr t\u00eb Kryeqytetit Evropian t\u00eb Kultur\u00ebs, Shkupi do t\u00eb zhvilloj\u00eb partneritete me qytete evropiane, institucione kulturore, artist\u00eb dhe operator\u00eb kulturor\u00eb, duke krijuar rrjete t\u00eb q\u00ebndrueshme bashk\u00ebpunimi dhe shk\u00ebmbimi t\u00eb njohurive dhe p\u00ebrvojave.<\/p>\t\t\t\t\t\t\t\t<\/div>\n\t\t\t\t<div class=\"elementor-element elementor-element-61f273f elementor-widget elementor-widget-heading\" data-id=\"61f273f\" data-element_type=\"widget\" data-e-type=\"widget\" data-widget_type=\"heading.default\">\n\t\t\t\t\t<h2 class=\"elementor-heading-title elementor-size-default\">Trash\u00ebgimia afatgjat\u00eb<\/h2>\t\t\t\t<\/div>\n\t\t\t\t<div class=\"elementor-element elementor-element-a7c1b06 elementor-widget elementor-widget-text-editor\" data-id=\"a7c1b06\" data-element_type=\"widget\" data-e-type=\"widget\" data-widget_type=\"text-editor.default\">\n\t\t\t\t\t\t\t\t\t<p>Shkupi 2028 nuk \u00ebsht\u00eb vet\u00ebm nj\u00eb ngjarje, por nj\u00eb proces. Nj\u00eb proces q\u00eb synon t\u00eb l\u00ebr\u00eb trash\u00ebgimi t\u00eb q\u00ebndrueshme kulturore, shoq\u00ebrore dhe institucionale \u2013 institucione kulturore m\u00eb t\u00eb forta, sken\u00eb kulturore aktive dhe nj\u00eb qytet ku kultura \u00ebsht\u00eb pjes\u00eb thelb\u00ebsore e jet\u00ebs s\u00eb p\u00ebrditshme.<\/p>\t\t\t\t\t\t\t\t<\/div>\n\t\t\t\t<div class=\"elementor-element elementor-element-aa67aec elementor-widget elementor-widget-image\" data-id=\"aa67aec\" data-element_type=\"widget\" data-e-type=\"widget\" data-widget_type=\"image.default\">\n\t\t\t\t\t\t\t\t\t\t\t\t\t\t\t<img decoding=\"async\" width=\"1080\" height=\"1080\" src=\"https:\/\/kultura.skopje.gov.mk\/wp-content\/uploads\/2026\/02\/400974734_825518942911190_5347926648156852768_n.jpg\" class=\"attachment-full size-full wp-image-117\" alt=\"\" srcset=\"https:\/\/kultura.skopje.gov.mk\/wp-content\/uploads\/2026\/02\/400974734_825518942911190_5347926648156852768_n.jpg 1080w, https:\/\/kultura.skopje.gov.mk\/wp-content\/uploads\/2026\/02\/400974734_825518942911190_5347926648156852768_n-300x300.jpg 300w, https:\/\/kultura.skopje.gov.mk\/wp-content\/uploads\/2026\/02\/400974734_825518942911190_5347926648156852768_n-1024x1024.jpg 1024w, https:\/\/kultura.skopje.gov.mk\/wp-content\/uploads\/2026\/02\/400974734_825518942911190_5347926648156852768_n-150x150.jpg 150w, https:\/\/kultura.skopje.gov.mk\/wp-content\/uploads\/2026\/02\/400974734_825518942911190_5347926648156852768_n-768x768.jpg 768w\" sizes=\"(max-width: 1080px) 100vw, 1080px\" \/>\t\t\t\t\t\t\t\t\t\t\t\t\t\t\t<\/div>\n\t\t\t\t\t<\/div>\n\t\t\t\t<\/div>\n\t\t\t\t<\/div>","protected":false},"excerpt":{"rendered":"<p>\u0415\u0432\u0440\u043e\u043f\u0441\u043a\u0430 \u043f\u0440\u0435\u0441\u0442\u043e\u043b\u043d\u0438\u043d\u0430 \u043d\u0430 \u043a\u0443\u043b\u0442\u0443\u0440\u0430\u0442\u0430 &#8211; \u0421\u043a\u043e\u043f\u0458\u0435 2028 \u0421\u043a\u043e\u043f\u0458\u0435 \u0458\u0430 \u0434\u043e\u0431\u0438 \u0442\u0438\u0442\u0443\u043b\u0430\u0442\u0430 \u0415\u0432\u0440\u043e\u043f\u0441\u043a\u0430 \u043f\u0440\u0435\u0441\u0442\u043e\u043b\u043d\u0438\u043d\u0430 \u043d\u0430 \u043a\u0443\u043b\u0442\u0443\u0440\u0430\u0442\u0430 2028 \u043a\u0430\u043a\u043e \u043c\u043e\u0436\u043d\u043e\u0441\u0442 \u0437\u0430 \u0434\u043b\u0430\u0431\u0438\u043d\u0441\u043a\u0430 [&hellip;]<\/p>\n","protected":false},"author":1,"featured_media":0,"parent":0,"menu_order":0,"comment_status":"closed","ping_status":"closed","template":"","meta":{"site-sidebar-layout":"no-sidebar","site-content-layout":"","ast-site-content-layout":"full-width-container","site-content-style":"default","site-sidebar-style":"default","ast-global-header-display":"","ast-banner-title-visibility":"","ast-main-header-display":"","ast-hfb-above-header-display":"","ast-hfb-below-header-display":"","ast-hfb-mobile-header-display":"","site-post-title":"","ast-breadcrumbs-content":"","ast-featured-img":"disabled","footer-sml-layout":"","ast-disable-related-posts":"","theme-transparent-header-meta":"","adv-header-id-meta":"","stick-header-meta":"","header-above-stick-meta":"","header-main-stick-meta":"","header-below-stick-meta":"","astra-migrate-meta-layouts":"default","ast-page-background-enabled":"default","ast-page-background-meta":{"desktop":{"background-color":"var(--ast-global-color-5)","background-image":"","background-repeat":"repeat","background-position":"center center","background-size":"auto","background-attachment":"scroll","background-type":"","background-media":"","overlay-type":"","overlay-color":"","overlay-opacity":"","overlay-gradient":""},"tablet":{"background-color":"","background-image":"","background-repeat":"repeat","background-position":"center center","background-size":"auto","background-attachment":"scroll","background-type":"","background-media":"","overlay-type":"","overlay-color":"","overlay-opacity":"","overlay-gradient":""},"mobile":{"background-color":"","background-image":"","background-repeat":"repeat","background-position":"center center","background-size":"auto","background-attachment":"scroll","background-type":"","background-media":"","overlay-type":"","overlay-color":"","overlay-opacity":"","overlay-gradient":""}},"ast-content-background-meta":{"desktop":{"background-color":"var(--ast-global-color-4)","background-image":"","background-repeat":"repeat","background-position":"center center","background-size":"auto","background-attachment":"scroll","background-type":"","background-media":"","overlay-type":"","overlay-color":"","overlay-opacity":"","overlay-gradient":""},"tablet":{"background-color":"var(--ast-global-color-4)","background-image":"","background-repeat":"repeat","background-position":"center center","background-size":"auto","background-attachment":"scroll","background-type":"","background-media":"","overlay-type":"","overlay-color":"","overlay-opacity":"","overlay-gradient":""},"mobile":{"background-color":"var(--ast-global-color-4)","background-image":"","background-repeat":"repeat","background-position":"center center","background-size":"auto","background-attachment":"scroll","background-type":"","background-media":"","overlay-type":"","overlay-color":"","overlay-opacity":"","overlay-gradient":""}},"footnotes":""},"class_list":["post-27","page","type-page","status-publish","hentry"],"_links":{"self":[{"href":"https:\/\/kultura.skopje.gov.mk\/sq\/wp-json\/wp\/v2\/pages\/27","targetHints":{"allow":["GET"]}}],"collection":[{"href":"https:\/\/kultura.skopje.gov.mk\/sq\/wp-json\/wp\/v2\/pages"}],"about":[{"href":"https:\/\/kultura.skopje.gov.mk\/sq\/wp-json\/wp\/v2\/types\/page"}],"author":[{"embeddable":true,"href":"https:\/\/kultura.skopje.gov.mk\/sq\/wp-json\/wp\/v2\/users\/1"}],"replies":[{"embeddable":true,"href":"https:\/\/kultura.skopje.gov.mk\/sq\/wp-json\/wp\/v2\/comments?post=27"}],"version-history":[{"count":4,"href":"https:\/\/kultura.skopje.gov.mk\/sq\/wp-json\/wp\/v2\/pages\/27\/revisions"}],"predecessor-version":[{"id":120,"href":"https:\/\/kultura.skopje.gov.mk\/sq\/wp-json\/wp\/v2\/pages\/27\/revisions\/120"}],"wp:attachment":[{"href":"https:\/\/kultura.skopje.gov.mk\/sq\/wp-json\/wp\/v2\/media?parent=27"}],"curies":[{"name":"wp","href":"https:\/\/api.w.org\/{rel}","templated":true}]}}