{"id":29,"date":"2026-02-25T23:39:23","date_gmt":"2026-02-25T23:39:23","guid":{"rendered":"https:\/\/kultura.skopje.gov.mk\/?page_id=29"},"modified":"2026-02-26T01:41:05","modified_gmt":"2026-02-26T01:41:05","slug":"%d0%bc%d1%83%d0%b7%d0%b5%d1%98-%d0%bd%d0%b0-%d0%b3%d1%80%d0%b0%d0%b4-%d1%81%d0%ba%d0%be%d0%bf%d1%98%d0%b5","status":"publish","type":"page","link":"https:\/\/kultura.skopje.gov.mk\/sq\/%d0%bc%d1%83%d0%b7%d0%b5%d1%98-%d0%bd%d0%b0-%d0%b3%d1%80%d0%b0%d0%b4-%d1%81%d0%ba%d0%be%d0%bf%d1%98%d0%b5\/","title":{"rendered":"Muzeu i Qytetit t\u00eb Shkupit"},"content":{"rendered":"<div data-elementor-type=\"wp-page\" data-elementor-id=\"29\" class=\"elementor elementor-29\" data-elementor-post-type=\"page\">\n\t\t\t\t<div class=\"elementor-element elementor-element-ea82f77 e-flex e-con-boxed e-con e-parent\" data-id=\"ea82f77\" data-element_type=\"container\" data-e-type=\"container\">\n\t\t\t\t\t<div class=\"e-con-inner\">\n\t\t<div class=\"elementor-element elementor-element-8273ba4 e-con-full e-flex e-con e-child\" data-id=\"8273ba4\" data-element_type=\"container\" data-e-type=\"container\" data-settings=\"{&quot;background_background&quot;:&quot;classic&quot;}\">\n\t\t\t\t<div class=\"elementor-element elementor-element-100b079 elementor-widget elementor-widget-image\" data-id=\"100b079\" data-element_type=\"widget\" data-e-type=\"widget\" data-widget_type=\"image.default\">\n\t\t\t\t\t\t\t\t\t\t\t\t\t\t\t<img fetchpriority=\"high\" decoding=\"async\" width=\"11904\" height=\"8212\" src=\"https:\/\/kultura.skopje.gov.mk\/wp-content\/uploads\/2026\/02\/\u043b\u043e\u0433\u043e-\u043c\u0443\u0437\u0435\u0458.png\" class=\"attachment-full size-full wp-image-129\" alt=\"\" \/>\t\t\t\t\t\t\t\t\t\t\t\t\t\t\t<\/div>\n\t\t\t\t<div class=\"elementor-element elementor-element-f8c75fa elementor-widget elementor-widget-heading\" data-id=\"f8c75fa\" data-element_type=\"widget\" data-e-type=\"widget\" data-widget_type=\"heading.default\">\n\t\t\t\t\t<h2 class=\"elementor-heading-title elementor-size-default\">MUZEU I QYTETIT T\u00cb SHKUPIT<\/h2>\t\t\t\t<\/div>\n\t\t\t\t<div class=\"elementor-element elementor-element-c3d62e9 elementor-widget elementor-widget-text-editor\" data-id=\"c3d62e9\" data-element_type=\"widget\" data-e-type=\"widget\" data-widget_type=\"text-editor.default\">\n\t\t\t\t\t\t\t\t\t<p class=\"translation-block\">Muzeu i Qytetit t\u00eb Shkupit \u00ebsht\u00eb themeluar n\u00eb vitin 1949, pas Luft\u00ebs s\u00eb Dyt\u00eb Bot\u00ebrore, kur u em\u00ebrua si Muzeu Popullor i Qytetit t\u00eb Shkupit. Pas t\u00ebrmetit katastrofik n\u00eb Shkup dhe pas sanimit, n\u00eb vitin 1971, Muzeu i Qytetit t\u00eb Shkupit u vendos n\u00eb nd\u00ebrtes\u00ebn e Stacionit t\u00eb Vjet\u00ebr Hekurudhor, e nd\u00ebrtuar n\u00eb vitin 1939 sipas projektit t\u00eb arkitektit Velimir Gavriloviq. Nd\u00ebrtesa, si Monument i Kultur\u00ebs, u vendos n\u00ebn status mbrojtjeje n\u00eb vitin 1971. Sot, muzeu shtrihet n\u00eb nj\u00eb sip\u00ebrfaqe prej 4670 m\u00b2, nga t\u00eb cilat 1500 m\u00b2 jan\u00eb hap\u00ebsir\u00eb ekspozuese. N\u00eb p\u00ebrb\u00ebrje t\u00eb muzeut jan\u00eb edhe deg\u00ebt: Muzeu i \u00c7arshis\u00eb s\u00eb Vjet\u00ebr t\u00eb Shkupit \u2013 i vendosur n\u00eb Suli An, monument kulture nga shekulli XIX, si dhe Muzeu Memorial i pun\u00ebtor\u00ebve ilegal\u00eb p\u00ebr prodhimin e arm\u00ebve gjat\u00eb Luft\u00ebs Nacional\u00e7lirimtare.<\/p><p>\u00a0\u00a0\u00a0\u00a0\u00a0\u00a0\u00a0\u00a0\u00a0 Muzeu i Qytetit t\u00eb Shkupit \u00ebsht\u00eb nj\u00eb institucion kulturor q\u00eb ka p\u00ebr q\u00ebllim t\u00eb hulumtoj\u00eb, mbledh\u00eb, ruaj\u00eb, dokumentoj\u00eb, mbroj\u00eb, prezantoj\u00eb dhe publikoj\u00eb materiale muzeore nga fusha e arkeologjis\u00eb, historis\u00eb, etnologjis\u00eb, historis\u00eb s\u00eb artit dhe arkitektur\u00ebs s\u00eb qytetit t\u00eb Shkupit dhe rrethin\u00ebs s\u00eb tij.<\/p><p>\u00a0\u00a0\u00a0\u00a0\u00a0\u00a0\u00a0\u00a0\u00a0 Kompleksiteti i muzeut reflektohet p\u00ebrmes larmis\u00eb s\u00eb tematikave q\u00eb trajtohen nga departamentet profesionale: departamenti arkeologjik, historik, departamenti i etnologjis\u00eb, i historis\u00eb s\u00eb artit dhe i arkitektur\u00ebs.<\/p><p>\u00a0\u00a0\u00a0\u00a0\u00a0\u00a0\u00a0\u00a0\u00a0 Numri i objekteve muzeore n\u00eb Muzeun e Qytetit t\u00eb Shkupit tejkalon 40.000 artefakte muzeore, nga t\u00eb cilat nj\u00eb pjes\u00eb e madhe jan\u00eb prezantuar dhe publikuar. P\u00ebrve\u00e7 koleksioneve ekzistuese muzeore, muzeu posedon edhe donacione nga fusha t\u00eb ndryshme t\u00eb kultur\u00ebs.<\/p><p>\u00a0\u00a0\u00a0\u00a0\u00a0\u00a0\u00a0\u00a0\u00a0 Struktura e muzeut p\u00ebrb\u00ebhet nga departamentet p\u00ebr p\u00ebrpunimin, ruajtjen dhe p\u00ebrdorimin e dokumentacionit p\u00ebr trash\u00ebgimin\u00eb kulturore t\u00eb luajtshme, si dhe nga departamenti p\u00ebr edukim dhe sh\u00ebrbimin e guidave, si dhe p\u00ebr konservimin dhe restaurimin e materialit muzeor. Biblioteka e muzeut disponon nj\u00eb fond t\u00eb pasur bibliotekar me gjithsej 7109 tituj, nga t\u00eb cil\u00ebt 400 tituj jan\u00eb libra t\u00eb rrall\u00eb dhe t\u00eb vjet\u00ebr q\u00eb datojn\u00eb nga fundi i shekullit XIX dhe fillimi i shekullit XX.<\/p><p>\u00a0\u00a0\u00a0\u00a0\u00a0\u00a0\u00a0\u00a0\u00a0 Veprimtaria botuese e muzeut paraqitet p\u00ebrmes nj\u00eb fondi t\u00eb pasur katalog\u00ebsh nga ekspozita t\u00eb ndryshme artistike dhe tematike, si dhe disa botimeve monografike q\u00eb prezantojn\u00eb historin\u00eb e pasur t\u00eb qytetit t\u00eb Shkupit, p\u00ebrmes publikimit t\u00eb trash\u00ebgimis\u00eb s\u00eb pasur arkeologjike, artit sakral mesjetar, jet\u00ebs kulturore n\u00eb qytet dhe arkitektur\u00ebs s\u00eb tij.<\/p><p>\u00a0\u00a0\u00a0\u00a0\u00a0\u00a0\u00a0\u00a0\u00a0 P\u00ebr 70 vite pun\u00eb, muzeu ka marr\u00eb \u00e7mime, mir\u00ebnjohje, pllaka p\u00ebrkujtimore dhe vler\u00ebsime.<\/p><p class=\"translation-block\">Rr. \u201cSh\u00ebn Kirili dhe Metodi\u201d pn, 1000 Shkup<br>\nTel. +389 2 3115 369<br>\n<a href=\"https:\/\/museumskopje.mk\" target=\"_self\">https:\/\/museumskopje.mk<\/a><\/p>\t\t\t\t\t\t\t\t<\/div>\n\t\t\t\t<div class=\"elementor-element elementor-element-3f13877 elementor-widget elementor-widget-gallery\" data-id=\"3f13877\" data-element_type=\"widget\" data-e-type=\"widget\" data-settings=\"{&quot;gallery_layout&quot;:&quot;masonry&quot;,&quot;columns&quot;:3,&quot;columns_mobile&quot;:2,&quot;lazyload&quot;:&quot;yes&quot;,&quot;columns_tablet&quot;:2,&quot;gap&quot;:{&quot;unit&quot;:&quot;px&quot;,&quot;size&quot;:10,&quot;sizes&quot;:[]},&quot;gap_tablet&quot;:{&quot;unit&quot;:&quot;px&quot;,&quot;size&quot;:10,&quot;sizes&quot;:[]},&quot;gap_mobile&quot;:{&quot;unit&quot;:&quot;px&quot;,&quot;size&quot;:10,&quot;sizes&quot;:[]},&quot;link_to&quot;:&quot;file&quot;,&quot;overlay_background&quot;:&quot;yes&quot;,&quot;content_hover_animation&quot;:&quot;fade-in&quot;}\" data-widget_type=\"gallery.default\">\n\t\t\t\t\t\t\t<div class=\"elementor-gallery__container\">\n\t\t\t\t\t\t\t<a class=\"e-gallery-item elementor-gallery-item elementor-animated-content\" href=\"https:\/\/kultura.skopje.gov.mk\/wp-content\/uploads\/2026\/02\/\u0444\u043e\u0442\u043e-Muzej.webp\" data-elementor-open-lightbox=\"yes\" data-elementor-lightbox-slideshow=\"3f13877\" data-elementor-lightbox-title=\"\u0444\u043e\u0442\u043e Muzej\" data-e-action-hash=\"#elementor-action%3Aaction%3Dlightbox%26settings%3DeyJpZCI6MTQ3LCJ1cmwiOiJodHRwczpcL1wva3VsdHVyYS5za29wamUuZ292Lm1rXC93cC1jb250ZW50XC91cGxvYWRzXC8yMDI2XC8wMlwvXHUwNDQ0XHUwNDNlXHUwNDQyXHUwNDNlLU11emVqLndlYnAiLCJzbGlkZXNob3ciOiIzZjEzODc3In0%3D\">\n\t\t\t\t\t<div class=\"e-gallery-image elementor-gallery-item__image\" data-thumbnail=\"https:\/\/kultura.skopje.gov.mk\/wp-content\/uploads\/2026\/02\/\u0444\u043e\u0442\u043e-Muzej.webp\" data-width=\"1920\" data-height=\"1440\" aria-label=\"\" role=\"img\" ><\/div>\n\t\t\t\t\t\t\t\t\t\t\t<div class=\"elementor-gallery-item__overlay\"><\/div>\n\t\t\t\t\t\t\t\t\t\t\t\t\t\t<\/a>\n\t\t\t\t\t\t\t<a class=\"e-gallery-item elementor-gallery-item elementor-animated-content\" href=\"https:\/\/kultura.skopje.gov.mk\/wp-content\/uploads\/2026\/02\/\u041f\u0440\u043e\u043c\u043e\u0446\u0438\u0458\u0430-\u043d\u0430-\u043c\u0430\u043a\u0435\u0434\u043e\u043d\u0441\u043a\u0430\u0442\u0430-\u043a\u0443\u043b\u0442\u0443\u0440\u0430-\u0438-\u0442\u0443\u0440\u0438\u0437\u0430\u043c-\u0432\u043e-\u0441\u0440\u0446\u0435\u0442\u043e-\u043d\u0430-\u0424\u0440\u0430\u043d\u043a\u0444\u0443\u0440\u0442.jpg\" data-elementor-open-lightbox=\"yes\" data-elementor-lightbox-slideshow=\"3f13877\" data-elementor-lightbox-title=\"\u041f\u0440\u043e\u043c\u043e\u0446\u0438\u0458\u0430 \u043d\u0430 \u043c\u0430\u043a\u0435\u0434\u043e\u043d\u0441\u043a\u0430\u0442\u0430 \u043a\u0443\u043b\u0442\u0443\u0440\u0430 \u0438 \u0442\u0443\u0440\u0438\u0437\u0430\u043c \u0432\u043e \u0441\u0440\u0446\u0435\u0442\u043e \u043d\u0430 \u0424\u0440\u0430\u043d\u043a\u0444\u0443\u0440\u0442\" data-e-action-hash=\"#elementor-action%3Aaction%3Dlightbox%26settings%3DeyJpZCI6MTQyLCJ1cmwiOiJodHRwczpcL1wva3VsdHVyYS5za29wamUuZ292Lm1rXC93cC1jb250ZW50XC91cGxvYWRzXC8yMDI2XC8wMlwvXHUwNDFmXHUwNDQwXHUwNDNlXHUwNDNjXHUwNDNlXHUwNDQ2XHUwNDM4XHUwNDU4XHUwNDMwLVx1MDQzZFx1MDQzMC1cdTA0M2NcdTA0MzBcdTA0M2FcdTA0MzVcdTA0MzRcdTA0M2VcdTA0M2RcdTA0NDFcdTA0M2FcdTA0MzBcdTA0NDJcdTA0MzAtXHUwNDNhXHUwNDQzXHUwNDNiXHUwNDQyXHUwNDQzXHUwNDQwXHUwNDMwLVx1MDQzOC1cdTA0NDJcdTA0NDNcdTA0NDBcdTA0MzhcdTA0MzdcdTA0MzBcdTA0M2MtXHUwNDMyXHUwNDNlLVx1MDQ0MVx1MDQ0MFx1MDQ0Nlx1MDQzNVx1MDQ0Mlx1MDQzZS1cdTA0M2RcdTA0MzAtXHUwNDI0XHUwNDQwXHUwNDMwXHUwNDNkXHUwNDNhXHUwNDQ0XHUwNDQzXHUwNDQwXHUwNDQyLmpwZyIsInNsaWRlc2hvdyI6IjNmMTM4NzcifQ%3D%3D\">\n\t\t\t\t\t<div class=\"e-gallery-image elementor-gallery-item__image\" data-thumbnail=\"https:\/\/kultura.skopje.gov.mk\/wp-content\/uploads\/2026\/02\/\u041f\u0440\u043e\u043c\u043e\u0446\u0438\u0458\u0430-\u043d\u0430-\u043c\u0430\u043a\u0435\u0434\u043e\u043d\u0441\u043a\u0430\u0442\u0430-\u043a\u0443\u043b\u0442\u0443\u0440\u0430-\u0438-\u0442\u0443\u0440\u0438\u0437\u0430\u043c-\u0432\u043e-\u0441\u0440\u0446\u0435\u0442\u043e-\u043d\u0430-\u0424\u0440\u0430\u043d\u043a\u0444\u0443\u0440\u0442.jpg\" data-width=\"1536\" data-height=\"2048\" aria-label=\"\" role=\"img\" ><\/div>\n\t\t\t\t\t\t\t\t\t\t\t<div class=\"elementor-gallery-item__overlay\"><\/div>\n\t\t\t\t\t\t\t\t\t\t\t\t\t\t<\/a>\n\t\t\t\t\t\t\t<a class=\"e-gallery-item elementor-gallery-item elementor-animated-content\" href=\"https:\/\/kultura.skopje.gov.mk\/wp-content\/uploads\/2026\/02\/\u041e\u0434-\u043e\u0442\u0432\u043e\u0440\u0430\u045a\u0435\u0442\u043e-\u043d\u0430-\u0438\u0437\u043b\u043e\u0436\u0431\u0430\u0442\u0430-\u0420\u0415-\u041a\u0420\u0415\u0410\u0426\u0418\u0408\u0410.jpg\" data-elementor-open-lightbox=\"yes\" data-elementor-lightbox-slideshow=\"3f13877\" data-elementor-lightbox-title=\"\u041e\u0434 \u043e\u0442\u0432\u043e\u0440\u0430\u045a\u0435\u0442\u043e \u043d\u0430 \u0438\u0437\u043b\u043e\u0436\u0431\u0430\u0442\u0430 \u0420\u0415-\u041a\u0420\u0415\u0410\u0426\u0418\u0408\u0410\" data-e-action-hash=\"#elementor-action%3Aaction%3Dlightbox%26settings%3DeyJpZCI6MTQwLCJ1cmwiOiJodHRwczpcL1wva3VsdHVyYS5za29wamUuZ292Lm1rXC93cC1jb250ZW50XC91cGxvYWRzXC8yMDI2XC8wMlwvXHUwNDFlXHUwNDM0LVx1MDQzZVx1MDQ0Mlx1MDQzMlx1MDQzZVx1MDQ0MFx1MDQzMFx1MDQ1YVx1MDQzNVx1MDQ0Mlx1MDQzZS1cdTA0M2RcdTA0MzAtXHUwNDM4XHUwNDM3XHUwNDNiXHUwNDNlXHUwNDM2XHUwNDMxXHUwNDMwXHUwNDQyXHUwNDMwLVx1MDQyMFx1MDQxNS1cdTA0MWFcdTA0MjBcdTA0MTVcdTA0MTBcdTA0MjZcdTA0MThcdTA0MDhcdTA0MTAuanBnIiwic2xpZGVzaG93IjoiM2YxMzg3NyJ9\">\n\t\t\t\t\t<div class=\"e-gallery-image elementor-gallery-item__image\" data-thumbnail=\"https:\/\/kultura.skopje.gov.mk\/wp-content\/uploads\/2026\/02\/\u041e\u0434-\u043e\u0442\u0432\u043e\u0440\u0430\u045a\u0435\u0442\u043e-\u043d\u0430-\u0438\u0437\u043b\u043e\u0436\u0431\u0430\u0442\u0430-\u0420\u0415-\u041a\u0420\u0415\u0410\u0426\u0418\u0408\u0410.jpg\" data-width=\"2048\" data-height=\"1536\" aria-label=\"\" role=\"img\" ><\/div>\n\t\t\t\t\t\t\t\t\t\t\t<div class=\"elementor-gallery-item__overlay\"><\/div>\n\t\t\t\t\t\t\t\t\t\t\t\t\t\t<\/a>\n\t\t\t\t\t\t\t<a class=\"e-gallery-item elementor-gallery-item elementor-animated-content\" href=\"https:\/\/kultura.skopje.gov.mk\/wp-content\/uploads\/2026\/02\/\u041f\u0440\u043e\u0435\u043a\u0446\u0438\u0458\u0430-\u043d\u0430-\u0434\u043e\u043a\u0443\u043c\u0435\u043d\u0442\u0430\u0440\u043d\u0438-\u0444\u0438\u043b\u043c\u043e\u0432\u0438-\u0438-\u0440\u0430\u0431\u043e\u0442\u0438\u043b\u043d\u0438\u0446\u0430-\u0437\u0430-\u0436\u0435\u043b\u0435\u0437\u043d\u0438\u0446\u0438\u0442\u0435-\u0432\u043e-\u041c\u0430\u043a\u0435\u0434\u043e\u043d\u0438\u0458\u0430-scaled.jpeg\" data-elementor-open-lightbox=\"yes\" data-elementor-lightbox-slideshow=\"3f13877\" data-elementor-lightbox-title=\"\u041f\u0440\u043e\u0435\u043a\u0446\u0438\u0458\u0430 \u043d\u0430 \u0434\u043e\u043a\u0443\u043c\u0435\u043d\u0442\u0430\u0440\u043d\u0438 \u0444\u0438\u043b\u043c\u043e\u0432\u0438 \u0438 \u0440\u0430\u0431\u043e\u0442\u0438\u043b\u043d\u0438\u0446\u0430 \u0437\u0430 \u0436\u0435\u043b\u0435\u0437\u043d\u0438\u0446\u0438\u0442\u0435 \u0432\u043e \u041c\u0430\u043a\u0435\u0434\u043e\u043d\u0438\u0458\u0430\" data-e-action-hash=\"#elementor-action%3Aaction%3Dlightbox%26settings%3DeyJpZCI6MTQxLCJ1cmwiOiJodHRwczpcL1wva3VsdHVyYS5za29wamUuZ292Lm1rXC93cC1jb250ZW50XC91cGxvYWRzXC8yMDI2XC8wMlwvXHUwNDFmXHUwNDQwXHUwNDNlXHUwNDM1XHUwNDNhXHUwNDQ2XHUwNDM4XHUwNDU4XHUwNDMwLVx1MDQzZFx1MDQzMC1cdTA0MzRcdTA0M2VcdTA0M2FcdTA0NDNcdTA0M2NcdTA0MzVcdTA0M2RcdTA0NDJcdTA0MzBcdTA0NDBcdTA0M2RcdTA0MzgtXHUwNDQ0XHUwNDM4XHUwNDNiXHUwNDNjXHUwNDNlXHUwNDMyXHUwNDM4LVx1MDQzOC1cdTA0NDBcdTA0MzBcdTA0MzFcdTA0M2VcdTA0NDJcdTA0MzhcdTA0M2JcdTA0M2RcdTA0MzhcdTA0NDZcdTA0MzAtXHUwNDM3XHUwNDMwLVx1MDQzNlx1MDQzNVx1MDQzYlx1MDQzNVx1MDQzN1x1MDQzZFx1MDQzOFx1MDQ0Nlx1MDQzOFx1MDQ0Mlx1MDQzNS1cdTA0MzJcdTA0M2UtXHUwNDFjXHUwNDMwXHUwNDNhXHUwNDM1XHUwNDM0XHUwNDNlXHUwNDNkXHUwNDM4XHUwNDU4XHUwNDMwLXNjYWxlZC5qcGVnIiwic2xpZGVzaG93IjoiM2YxMzg3NyJ9\">\n\t\t\t\t\t<div class=\"e-gallery-image elementor-gallery-item__image\" data-thumbnail=\"https:\/\/kultura.skopje.gov.mk\/wp-content\/uploads\/2026\/02\/\u041f\u0440\u043e\u0435\u043a\u0446\u0438\u0458\u0430-\u043d\u0430-\u0434\u043e\u043a\u0443\u043c\u0435\u043d\u0442\u0430\u0440\u043d\u0438-\u0444\u0438\u043b\u043c\u043e\u0432\u0438-\u0438-\u0440\u0430\u0431\u043e\u0442\u0438\u043b\u043d\u0438\u0446\u0430-\u0437\u0430-\u0436\u0435\u043b\u0435\u0437\u043d\u0438\u0446\u0438\u0442\u0435-\u0432\u043e-\u041c\u0430\u043a\u0435\u0434\u043e\u043d\u0438\u0458\u0430-scaled.jpeg\" data-width=\"1920\" data-height=\"2560\" aria-label=\"\" role=\"img\" ><\/div>\n\t\t\t\t\t\t\t\t\t\t\t<div class=\"elementor-gallery-item__overlay\"><\/div>\n\t\t\t\t\t\t\t\t\t\t\t\t\t\t<\/a>\n\t\t\t\t\t\t\t<a class=\"e-gallery-item elementor-gallery-item elementor-animated-content\" href=\"https:\/\/kultura.skopje.gov.mk\/wp-content\/uploads\/2026\/02\/\u0421\u043a\u043e\u043f\u0458\u0435-\u0437\u0430-\u0432\u0440\u0435\u043c\u0435-\u043d\u0430-\u0437\u0435\u043c\u0458\u043e\u0442\u0440\u0435\u0441\u043e\u0442-\u0438-\u043f\u043e\u0442\u043e\u0430-\u0418\u0437\u043b\u043e\u0436\u0431\u0430-\u0432\u043e-\u041c\u0443\u0437\u0435\u0458-\u043d\u0430-\u0433\u0440\u0430\u0434-\u0421\u043a\u043e\u043f\u0458\u0435-\u0432\u043e-\u0447\u0435\u0441\u0442-\u0438-\u0441\u0435\u045c\u0430\u0432\u0430\u045a\u0435-\u043d\u0430-\u0436\u0440\u0442\u0432\u0438\u0442\u0435-\u0432\u043e-\u043a\u0430\u0442\u0430\u0441\u0442\u0440\u043e\u0444\u0430\u043b\u043d\u0438\u043e\u0442-\u0437\u0435\u043c\u0458\u043e\u0442\u0440\u0435\u0441.jpg\" data-elementor-open-lightbox=\"yes\" data-elementor-lightbox-slideshow=\"3f13877\" data-elementor-lightbox-title=\"\u0421\u043a\u043e\u043f\u0458\u0435 \u0437\u0430 \u0432\u0440\u0435\u043c\u0435 \u043d\u0430 \u0437\u0435\u043c\u0458\u043e\u0442\u0440\u0435\u0441\u043e\u0442 \u0438 \u043f\u043e\u0442\u043e\u0430 - \u0418\u0437\u043b\u043e\u0436\u0431\u0430 \u0432\u043e \u041c\u0443\u0437\u0435\u0458 \u043d\u0430 \u0433\u0440\u0430\u0434 \u0421\u043a\u043e\u043f\u0458\u0435 \u0432\u043e \u0447\u0435\u0441\u0442 \u0438 \u0441\u0435\u045c\u0430\u0432\u0430\u045a\u0435 \u043d\u0430 \u0436\u0440\u0442\u0432\u0438\u0442\u0435 \u0432\u043e \u043a\u0430\u0442\u0430\u0441\u0442\u0440\u043e\u0444\u0430\u043b\u043d\u0438\u043e\u0442 \u0437\u0435\u043c\u0458\u043e\u0442\u0440\u0435\u0441\" data-e-action-hash=\"#elementor-action%3Aaction%3Dlightbox%26settings%3DeyJpZCI6MTQzLCJ1cmwiOiJodHRwczpcL1wva3VsdHVyYS5za29wamUuZ292Lm1rXC93cC1jb250ZW50XC91cGxvYWRzXC8yMDI2XC8wMlwvXHUwNDIxXHUwNDNhXHUwNDNlXHUwNDNmXHUwNDU4XHUwNDM1LVx1MDQzN1x1MDQzMC1cdTA0MzJcdTA0NDBcdTA0MzVcdTA0M2NcdTA0MzUtXHUwNDNkXHUwNDMwLVx1MDQzN1x1MDQzNVx1MDQzY1x1MDQ1OFx1MDQzZVx1MDQ0Mlx1MDQ0MFx1MDQzNVx1MDQ0MVx1MDQzZVx1MDQ0Mi1cdTA0MzgtXHUwNDNmXHUwNDNlXHUwNDQyXHUwNDNlXHUwNDMwLVx1MDQxOFx1MDQzN1x1MDQzYlx1MDQzZVx1MDQzNlx1MDQzMVx1MDQzMC1cdTA0MzJcdTA0M2UtXHUwNDFjXHUwNDQzXHUwNDM3XHUwNDM1XHUwNDU4LVx1MDQzZFx1MDQzMC1cdTA0MzNcdTA0NDBcdTA0MzBcdTA0MzQtXHUwNDIxXHUwNDNhXHUwNDNlXHUwNDNmXHUwNDU4XHUwNDM1LVx1MDQzMlx1MDQzZS1cdTA0NDdcdTA0MzVcdTA0NDFcdTA0NDItXHUwNDM4LVx1MDQ0MVx1MDQzNVx1MDQ1Y1x1MDQzMFx1MDQzMlx1MDQzMFx1MDQ1YVx1MDQzNS1cdTA0M2RcdTA0MzAtXHUwNDM2XHUwNDQwXHUwNDQyXHUwNDMyXHUwNDM4XHUwNDQyXHUwNDM1LVx1MDQzMlx1MDQzZS1cdTA0M2FcdTA0MzBcdTA0NDJcdTA0MzBcdTA0NDFcdTA0NDJcdTA0NDBcdTA0M2VcdTA0NDRcdTA0MzBcdTA0M2JcdTA0M2RcdTA0MzhcdTA0M2VcdTA0NDItXHUwNDM3XHUwNDM1XHUwNDNjXHUwNDU4XHUwNDNlXHUwNDQyXHUwNDQwXHUwNDM1XHUwNDQxLmpwZyIsInNsaWRlc2hvdyI6IjNmMTM4NzcifQ%3D%3D\">\n\t\t\t\t\t<div class=\"e-gallery-image elementor-gallery-item__image\" data-thumbnail=\"https:\/\/kultura.skopje.gov.mk\/wp-content\/uploads\/2026\/02\/\u0421\u043a\u043e\u043f\u0458\u0435-\u0437\u0430-\u0432\u0440\u0435\u043c\u0435-\u043d\u0430-\u0437\u0435\u043c\u0458\u043e\u0442\u0440\u0435\u0441\u043e\u0442-\u0438-\u043f\u043e\u0442\u043e\u0430-\u0418\u0437\u043b\u043e\u0436\u0431\u0430-\u0432\u043e-\u041c\u0443\u0437\u0435\u0458-\u043d\u0430-\u0433\u0440\u0430\u0434-\u0421\u043a\u043e\u043f\u0458\u0435-\u0432\u043e-\u0447\u0435\u0441\u0442-\u0438-\u0441\u0435\u045c\u0430\u0432\u0430\u045a\u0435-\u043d\u0430-\u0436\u0440\u0442\u0432\u0438\u0442\u0435-\u0432\u043e-\u043a\u0430\u0442\u0430\u0441\u0442\u0440\u043e\u0444\u0430\u043b\u043d\u0438\u043e\u0442-\u0437\u0435\u043c\u0458\u043e\u0442\u0440\u0435\u0441.jpg\" data-width=\"1024\" data-height=\"682\" aria-label=\"\" role=\"img\" ><\/div>\n\t\t\t\t\t\t\t\t\t\t\t<div class=\"elementor-gallery-item__overlay\"><\/div>\n\t\t\t\t\t\t\t\t\t\t\t\t\t\t<\/a>\n\t\t\t\t\t\t\t<a class=\"e-gallery-item elementor-gallery-item elementor-animated-content\" href=\"https:\/\/kultura.skopje.gov.mk\/wp-content\/uploads\/2026\/02\/\u0421\u043e\u0432\u0440\u0435\u043c\u0435\u043d\u0430-\u0421\u043a\u0443\u043b\u043f\u0442\u0443\u0440\u0430-\u0414\u041b\u0423\u041c.jpg\" data-elementor-open-lightbox=\"yes\" data-elementor-lightbox-slideshow=\"3f13877\" data-elementor-lightbox-title=\"\u0421\u043e\u0432\u0440\u0435\u043c\u0435\u043d\u0430 \u0421\u043a\u0443\u043b\u043f\u0442\u0443\u0440\u0430, \u0414\u041b\u0423\u041c\" data-e-action-hash=\"#elementor-action%3Aaction%3Dlightbox%26settings%3DeyJpZCI6MTQ0LCJ1cmwiOiJodHRwczpcL1wva3VsdHVyYS5za29wamUuZ292Lm1rXC93cC1jb250ZW50XC91cGxvYWRzXC8yMDI2XC8wMlwvXHUwNDIxXHUwNDNlXHUwNDMyXHUwNDQwXHUwNDM1XHUwNDNjXHUwNDM1XHUwNDNkXHUwNDMwLVx1MDQyMVx1MDQzYVx1MDQ0M1x1MDQzYlx1MDQzZlx1MDQ0Mlx1MDQ0M1x1MDQ0MFx1MDQzMC1cdTA0MTRcdTA0MWJcdTA0MjNcdTA0MWMuanBnIiwic2xpZGVzaG93IjoiM2YxMzg3NyJ9\">\n\t\t\t\t\t<div class=\"e-gallery-image elementor-gallery-item__image\" data-thumbnail=\"https:\/\/kultura.skopje.gov.mk\/wp-content\/uploads\/2026\/02\/\u0421\u043e\u0432\u0440\u0435\u043c\u0435\u043d\u0430-\u0421\u043a\u0443\u043b\u043f\u0442\u0443\u0440\u0430-\u0414\u041b\u0423\u041c.jpg\" data-width=\"1600\" data-height=\"900\" aria-label=\"\" role=\"img\" ><\/div>\n\t\t\t\t\t\t\t\t\t\t\t<div class=\"elementor-gallery-item__overlay\"><\/div>\n\t\t\t\t\t\t\t\t\t\t\t\t\t\t<\/a>\n\t\t\t\t\t\t\t<a class=\"e-gallery-item elementor-gallery-item elementor-animated-content\" href=\"https:\/\/kultura.skopje.gov.mk\/wp-content\/uploads\/2026\/02\/\u0403\u043e\u0440\u0453\u0438-\u0408\u043e\u0432\u0430\u043d\u043e\u0432\u0438\u045c-\u041f\u0440\u0438\u043a\u0430\u0437\u043d\u0438-\u043e\u0434-\u043c\u0430\u0440\u0433\u0438\u043d\u0438\u0442\u0435.jpg\" data-elementor-open-lightbox=\"yes\" data-elementor-lightbox-slideshow=\"3f13877\" data-elementor-lightbox-title=\"\u0403\u043e\u0440\u0453\u0438 \u0408\u043e\u0432\u0430\u043d\u043e\u0432\u0438\u045c, \u041f\u0440\u0438\u043a\u0430\u0437\u043d\u0438 \u043e\u0434 \u043c\u0430\u0440\u0433\u0438\u043d\u0438\u0442\u0435\" data-e-action-hash=\"#elementor-action%3Aaction%3Dlightbox%26settings%3DeyJpZCI6MTQ1LCJ1cmwiOiJodHRwczpcL1wva3VsdHVyYS5za29wamUuZ292Lm1rXC93cC1jb250ZW50XC91cGxvYWRzXC8yMDI2XC8wMlwvXHUwNDAzXHUwNDNlXHUwNDQwXHUwNDUzXHUwNDM4LVx1MDQwOFx1MDQzZVx1MDQzMlx1MDQzMFx1MDQzZFx1MDQzZVx1MDQzMlx1MDQzOFx1MDQ1Yy1cdTA0MWZcdTA0NDBcdTA0MzhcdTA0M2FcdTA0MzBcdTA0MzdcdTA0M2RcdTA0MzgtXHUwNDNlXHUwNDM0LVx1MDQzY1x1MDQzMFx1MDQ0MFx1MDQzM1x1MDQzOFx1MDQzZFx1MDQzOFx1MDQ0Mlx1MDQzNS5qcGciLCJzbGlkZXNob3ciOiIzZjEzODc3In0%3D\">\n\t\t\t\t\t<div class=\"e-gallery-image elementor-gallery-item__image\" data-thumbnail=\"https:\/\/kultura.skopje.gov.mk\/wp-content\/uploads\/2026\/02\/\u0403\u043e\u0440\u0453\u0438-\u0408\u043e\u0432\u0430\u043d\u043e\u0432\u0438\u045c-\u041f\u0440\u0438\u043a\u0430\u0437\u043d\u0438-\u043e\u0434-\u043c\u0430\u0440\u0433\u0438\u043d\u0438\u0442\u0435.jpg\" data-width=\"1387\" data-height=\"1849\" aria-label=\"\" role=\"img\" ><\/div>\n\t\t\t\t\t\t\t\t\t\t\t<div class=\"elementor-gallery-item__overlay\"><\/div>\n\t\t\t\t\t\t\t\t\t\t\t\t\t\t<\/a>\n\t\t\t\t\t\t\t<a class=\"e-gallery-item elementor-gallery-item elementor-animated-content\" href=\"https:\/\/kultura.skopje.gov.mk\/wp-content\/uploads\/2026\/02\/\u0418\u0437\u043b\u043e\u0436\u0431\u0430-\u043d\u0430-\u0420\u043e\u0434\u043e\u0459\u0443\u0431-\u0410\u043d\u0430\u0441\u0442\u0430\u0441\u043e\u0432.jpg\" data-elementor-open-lightbox=\"yes\" data-elementor-lightbox-slideshow=\"3f13877\" data-elementor-lightbox-title=\"\u0418\u0437\u043b\u043e\u0436\u0431\u0430 \u043d\u0430 \u0420\u043e\u0434\u043e\u0459\u0443\u0431 \u0410\u043d\u0430\u0441\u0442\u0430\u0441\u043e\u0432\" data-e-action-hash=\"#elementor-action%3Aaction%3Dlightbox%26settings%3DeyJpZCI6MTQ2LCJ1cmwiOiJodHRwczpcL1wva3VsdHVyYS5za29wamUuZ292Lm1rXC93cC1jb250ZW50XC91cGxvYWRzXC8yMDI2XC8wMlwvXHUwNDE4XHUwNDM3XHUwNDNiXHUwNDNlXHUwNDM2XHUwNDMxXHUwNDMwLVx1MDQzZFx1MDQzMC1cdTA0MjBcdTA0M2VcdTA0MzRcdTA0M2VcdTA0NTlcdTA0NDNcdTA0MzEtXHUwNDEwXHUwNDNkXHUwNDMwXHUwNDQxXHUwNDQyXHUwNDMwXHUwNDQxXHUwNDNlXHUwNDMyLmpwZyIsInNsaWRlc2hvdyI6IjNmMTM4NzcifQ%3D%3D\">\n\t\t\t\t\t<div class=\"e-gallery-image elementor-gallery-item__image\" data-thumbnail=\"https:\/\/kultura.skopje.gov.mk\/wp-content\/uploads\/2026\/02\/\u0418\u0437\u043b\u043e\u0436\u0431\u0430-\u043d\u0430-\u0420\u043e\u0434\u043e\u0459\u0443\u0431-\u0410\u043d\u0430\u0441\u0442\u0430\u0441\u043e\u0432.jpg\" data-width=\"2048\" data-height=\"1536\" aria-label=\"\" role=\"img\" ><\/div>\n\t\t\t\t\t\t\t\t\t\t\t<div class=\"elementor-gallery-item__overlay\"><\/div>\n\t\t\t\t\t\t\t\t\t\t\t\t\t\t<\/a>\n\t\t\t\t\t<\/div>\n\t\t\t\t\t<\/div>\n\t\t\t\t<\/div>\n\t\t\t\t\t<\/div>\n\t\t\t\t<\/div>\n\t\t\t\t<\/div>","protected":false},"excerpt":{"rendered":"<p>\u0408\u0423 \u041c\u0423\u0417\u0415\u0408 \u041d\u0410 \u0413\u0420\u0410\u0414 \u0421\u041a\u041e\u041f\u0408\u0415 \u041c\u0443\u0437\u0435\u0458\u043e\u0442 \u043d\u0430 \u0433\u0440\u0430\u0434 \u0421\u043a\u043e\u043f\u0458\u0435 \u0431\u0438\u043b \u0444\u043e\u0440\u043c\u0438\u0440\u0430\u043d \u0432\u043e 1949 \u0433\u043e\u0434\u0438\u043d\u0430, \u043f\u043e \u0412\u0442\u043e\u0440\u0430\u0442\u0430 \u0441\u0432\u0435\u0442\u0441\u043a\u0430 \u0432\u043e\u0458\u043d\u0430, \u043a\u043e\u0433\u0430 \u0431\u0438\u043b [&hellip;]<\/p>\n","protected":false},"author":1,"featured_media":0,"parent":0,"menu_order":0,"comment_status":"closed","ping_status":"closed","template":"","meta":{"site-sidebar-layout":"no-sidebar","site-content-layout":"","ast-site-content-layout":"full-width-container","site-content-style":"default","site-sidebar-style":"default","ast-global-header-display":"","ast-banner-title-visibility":"","ast-main-header-display":"","ast-hfb-above-header-display":"","ast-hfb-below-header-display":"","ast-hfb-mobile-header-display":"","site-post-title":"","ast-breadcrumbs-content":"","ast-featured-img":"disabled","footer-sml-layout":"","ast-disable-related-posts":"","theme-transparent-header-meta":"","adv-header-id-meta":"","stick-header-meta":"","header-above-stick-meta":"","header-main-stick-meta":"","header-below-stick-meta":"","astra-migrate-meta-layouts":"default","ast-page-background-enabled":"default","ast-page-background-meta":{"desktop":{"background-color":"var(--ast-global-color-5)","background-image":"","background-repeat":"repeat","background-position":"center center","background-size":"auto","background-attachment":"scroll","background-type":"","background-media":"","overlay-type":"","overlay-color":"","overlay-opacity":"","overlay-gradient":""},"tablet":{"background-color":"","background-image":"","background-repeat":"repeat","background-position":"center center","background-size":"auto","background-attachment":"scroll","background-type":"","background-media":"","overlay-type":"","overlay-color":"","overlay-opacity":"","overlay-gradient":""},"mobile":{"background-color":"","background-image":"","background-repeat":"repeat","background-position":"center center","background-size":"auto","background-attachment":"scroll","background-type":"","background-media":"","overlay-type":"","overlay-color":"","overlay-opacity":"","overlay-gradient":""}},"ast-content-background-meta":{"desktop":{"background-color":"var(--ast-global-color-4)","background-image":"","background-repeat":"repeat","background-position":"center center","background-size":"auto","background-attachment":"scroll","background-type":"","background-media":"","overlay-type":"","overlay-color":"","overlay-opacity":"","overlay-gradient":""},"tablet":{"background-color":"var(--ast-global-color-4)","background-image":"","background-repeat":"repeat","background-position":"center center","background-size":"auto","background-attachment":"scroll","background-type":"","background-media":"","overlay-type":"","overlay-color":"","overlay-opacity":"","overlay-gradient":""},"mobile":{"background-color":"var(--ast-global-color-4)","background-image":"","background-repeat":"repeat","background-position":"center center","background-size":"auto","background-attachment":"scroll","background-type":"","background-media":"","overlay-type":"","overlay-color":"","overlay-opacity":"","overlay-gradient":""}},"footnotes":""},"class_list":["post-29","page","type-page","status-publish","hentry"],"_links":{"self":[{"href":"https:\/\/kultura.skopje.gov.mk\/sq\/wp-json\/wp\/v2\/pages\/29","targetHints":{"allow":["GET"]}}],"collection":[{"href":"https:\/\/kultura.skopje.gov.mk\/sq\/wp-json\/wp\/v2\/pages"}],"about":[{"href":"https:\/\/kultura.skopje.gov.mk\/sq\/wp-json\/wp\/v2\/types\/page"}],"author":[{"embeddable":true,"href":"https:\/\/kultura.skopje.gov.mk\/sq\/wp-json\/wp\/v2\/users\/1"}],"replies":[{"embeddable":true,"href":"https:\/\/kultura.skopje.gov.mk\/sq\/wp-json\/wp\/v2\/comments?post=29"}],"version-history":[{"count":7,"href":"https:\/\/kultura.skopje.gov.mk\/sq\/wp-json\/wp\/v2\/pages\/29\/revisions"}],"predecessor-version":[{"id":153,"href":"https:\/\/kultura.skopje.gov.mk\/sq\/wp-json\/wp\/v2\/pages\/29\/revisions\/153"}],"wp:attachment":[{"href":"https:\/\/kultura.skopje.gov.mk\/sq\/wp-json\/wp\/v2\/media?parent=29"}],"curies":[{"name":"wp","href":"https:\/\/api.w.org\/{rel}","templated":true}]}}