{"id":37,"date":"2026-02-25T23:40:33","date_gmt":"2026-02-25T23:40:33","guid":{"rendered":"https:\/\/kultura.skopje.gov.mk\/?page_id=37"},"modified":"2026-02-26T22:37:30","modified_gmt":"2026-02-26T22:37:30","slug":"%d0%b4%d0%b5%d1%82%d1%81%d0%ba%d0%b8-%d0%ba%d1%83%d0%bb%d1%82%d1%83%d1%80%d0%b5%d0%bd-%d1%86%d0%b5%d0%bd%d1%82%d0%b0%d1%80-%d0%ba%d0%b0%d1%80%d0%bf%d0%be%d1%88","status":"publish","type":"page","link":"https:\/\/kultura.skopje.gov.mk\/sq\/%d0%b4%d0%b5%d1%82%d1%81%d0%ba%d0%b8-%d0%ba%d1%83%d0%bb%d1%82%d1%83%d1%80%d0%b5%d0%bd-%d1%86%d0%b5%d0%bd%d1%82%d0%b0%d1%80-%d0%ba%d0%b0%d1%80%d0%bf%d0%be%d1%88\/","title":{"rendered":"Qendra Kulturore e F\u00ebmij\u00ebve Karposh"},"content":{"rendered":"<div data-elementor-type=\"wp-page\" data-elementor-id=\"37\" class=\"elementor elementor-37\" data-elementor-post-type=\"page\">\n\t\t\t\t<div class=\"elementor-element elementor-element-47f97133 e-flex e-con-boxed e-con e-parent\" data-id=\"47f97133\" data-element_type=\"container\" data-e-type=\"container\">\n\t\t\t\t\t<div class=\"e-con-inner\">\n\t\t<div class=\"elementor-element elementor-element-7ef43f87 e-con-full e-flex e-con e-child\" data-id=\"7ef43f87\" data-element_type=\"container\" data-e-type=\"container\" data-settings=\"{&quot;background_background&quot;:&quot;classic&quot;}\">\n\t\t\t\t<div class=\"elementor-element elementor-element-66617be6 elementor-widget elementor-widget-image\" data-id=\"66617be6\" data-element_type=\"widget\" data-e-type=\"widget\" data-widget_type=\"image.default\">\n\t\t\t\t\t\t\t\t\t\t\t\t\t\t\t<img fetchpriority=\"high\" decoding=\"async\" width=\"1711\" height=\"1501\" src=\"https:\/\/kultura.skopje.gov.mk\/wp-content\/uploads\/2026\/02\/logo-dkc.jpg\" class=\"attachment-full size-full wp-image-122\" alt=\"\" srcset=\"https:\/\/kultura.skopje.gov.mk\/wp-content\/uploads\/2026\/02\/logo-dkc.jpg 1711w, https:\/\/kultura.skopje.gov.mk\/wp-content\/uploads\/2026\/02\/logo-dkc-300x263.jpg 300w, https:\/\/kultura.skopje.gov.mk\/wp-content\/uploads\/2026\/02\/logo-dkc-1024x898.jpg 1024w, https:\/\/kultura.skopje.gov.mk\/wp-content\/uploads\/2026\/02\/logo-dkc-768x674.jpg 768w, https:\/\/kultura.skopje.gov.mk\/wp-content\/uploads\/2026\/02\/logo-dkc-1536x1347.jpg 1536w\" sizes=\"(max-width: 1711px) 100vw, 1711px\" \/>\t\t\t\t\t\t\t\t\t\t\t\t\t\t\t<\/div>\n\t\t\t\t<div class=\"elementor-element elementor-element-24e88dbc elementor-widget elementor-widget-heading\" data-id=\"24e88dbc\" data-element_type=\"widget\" data-e-type=\"widget\" data-widget_type=\"heading.default\">\n\t\t\t\t\t<h2 class=\"elementor-heading-title elementor-size-default\">JU QENDRA KULTURORE E F\u00cbMIJ\u00cbVE \u2013 KARPOSH<\/h2>\t\t\t\t<\/div>\n\t\t\t\t<div class=\"elementor-element elementor-element-71f24b09 elementor-widget elementor-widget-text-editor\" data-id=\"71f24b09\" data-element_type=\"widget\" data-e-type=\"widget\" data-widget_type=\"text-editor.default\">\n\t\t\t\t\t\t\t\t\t<p class=\"translation-block\">JU Qendra Kulturore e F\u00ebmij\u00ebve \u2013 Karposh \u00ebsht\u00eb nj\u00eb institucion i njohur qytetar, me tradit\u00eb m\u00eb shum\u00eb se shtat\u00eb dekadash.\n\nKjo Qend\u00ebr realizon programe, seksione dhe pun\u00ebtori kreative, moderne dhe interaktive q\u00eb ndjekin dukurit\u00eb dhe trendet shoq\u00ebrore, n\u00eb p\u00ebrputhje me interesat e f\u00ebmij\u00ebve dhe t\u00eb rinjve. Gjat\u00eb ekzistenc\u00ebs s\u00eb saj ruan gjith\u00e7ka q\u00eb \u00ebsht\u00eb e mir\u00eb dhe e plot\u00ebson me metoda bashk\u00ebkohore t\u00eb pun\u00ebs, duke ndjekur nevojat dhe d\u00ebshirat e p\u00ebrdoruesve.<\/p><p>\u00a0 \u00a0 \u00a0 \u00a0 \u00a0Aktivitetet e saj i orienton para s\u00eb gjithash drejt grupit kryesor t\u00eb synuar \u2013 f\u00ebmij\u00ebve dhe t\u00eb rinjve, si p\u00ebrdorues t\u00eb drejtp\u00ebrdrejt\u00eb potencial\u00eb, pastaj drejt prind\u00ebrve t\u00eb tyre dhe pjes\u00ebmarr\u00ebsve t\u00eb tjer\u00eb n\u00eb zhvillimin e nevojave kulturore, si dhe drejt bashk\u00ebpun\u00ebtor\u00ebve profesional\u00eb nga fusha e kultur\u00ebs dhe arsimit p\u00ebr f\u00ebmij\u00eb dhe t\u00eb rinj. Ajo integron f\u00ebmij\u00ebt nga mosha parashkollore deri n\u00eb 17 vje\u00e7 n\u00eb aktivitetet e Qendr\u00ebs, nd\u00ebrsa p\u00ebrmes saj i integron edhe n\u00eb jet\u00ebn shoq\u00ebrore t\u00eb qytetit dhe shtetit, p\u00ebrkat\u00ebsisht mund\u00ebson nj\u00eb integrim didaktikisht t\u00eb p\u00ebrshtatur t\u00eb f\u00ebmij\u00ebve n\u00eb jet\u00ebn kulturore dhe shoq\u00ebrore. Zhvillimi individual i f\u00ebmij\u00ebve \u00ebsht\u00eb i orientuar drejt arritjes s\u00eb stabilitetit dhe siguris\u00eb afatgjat\u00eb shoq\u00ebrore, p\u00ebrmes aktiviteteve kreative, pedagogjike, arg\u00ebtuese dhe krijuese.<\/p><p>\u00a0\u00a0\u00a0\u00a0\u00a0\u00a0\u00a0\u00a0\u00a0 Baz\u00ebn e Qendr\u00ebs e p\u00ebrb\u00ebn an\u00ebtar\u00ebsia masive e f\u00ebmij\u00ebve n\u00eb seksione dhe p\u00ebrmbajtjet e ndryshme q\u00eb ajo ofron dhe siguron, me gatishm\u00ebri t\u00eb vazhdueshme p\u00ebr zhvillim duke ndjekur nevojat dhe interesat e tyre. Seksione aktive q\u00eb ekzistojn\u00eb p\u00ebr dekada jan\u00eb: arti figurativ, baleti, folklori, shahu, pastaj seksionet p\u00ebr m\u00ebsimin e kitar\u00ebs klasike, t\u00eb instrumenteve popullore, t\u00eb klarinet\u00ebs, seksioni i ping-pongut, seksioni dramatik dhe kori i f\u00ebmij\u00ebve. Duke ndjekur trendet dhe nevojat e f\u00ebmij\u00ebve, Qendra p\u00ebrshtatet dhe hap me sukses edhe seksione t\u00eb reja si seksioni p\u00ebr shkenca natyrore, seksioni p\u00ebr krijimtari multimediale, seksioni p\u00ebr printim 3D, si dhe pun\u00ebtori t\u00eb titulluara si \u201cK\u00ebndi etno kreativ\u201d, pun\u00ebtori p\u00ebr filozofi p\u00ebr f\u00ebmij\u00eb\u2026 Me k\u00ebt\u00eb paraqitet nevoja p\u00ebr krijimin e nj\u00eb fizionomie t\u00eb njohshme dhe t\u00eb q\u00ebndrueshme t\u00eb Qendr\u00ebs n\u00eb t\u00eb gjitha nivelet e jet\u00ebs shoq\u00ebrore, me q\u00ebllim q\u00eb ajo t\u00eb shnd\u00ebrrohet n\u00eb nj\u00eb komunitet funksional t\u00eb f\u00ebmij\u00ebve dhe nj\u00eb lidhje mes tyre dhe shoq\u00ebris\u00eb s\u00eb konsoliduar. N\u00eb k\u00ebt\u00eb m\u00ebnyr\u00eb mund\u00ebsohet nj\u00eb qasje e thjesht\u00eb dhe e shpejt\u00eb e f\u00ebmij\u00ebve n\u00eb t\u00eb gjitha fushat interesante p\u00ebr ta, por edhe anasjelltas, hapet mund\u00ebsia p\u00ebr pjes\u00ebmarrje aktive t\u00eb t\u00eb gjitha strukturave shoq\u00ebrore n\u00eb Qend\u00ebr.<\/p><p>\u00a0\u00a0\u00a0\u00a0\u00a0\u00a0\u00a0\u00a0\u00a0 Nga ana e saj, Qendra i p\u00ebrvet\u00ebson dhe i zhvillon p\u00ebrmbajtjet dhe format bashk\u00ebkohore edukativo-pedagogjike p\u00ebrmes kontakteve t\u00eb vazhdueshme me organizata t\u00eb nj\u00ebjta ose t\u00eb ngjashme n\u00eb vend dhe jasht\u00eb tij dhe p\u00ebrmes ndjekjes s\u00eb trendeve ekzistuese n\u00eb fushat p\u00ebrkat\u00ebse. N\u00eb k\u00ebt\u00eb m\u00ebnyr\u00eb Qendra merr dimensionin e nj\u00eb edukatori afatgjat\u00eb kulturor-shoq\u00ebror p\u00ebr f\u00ebmij\u00ebt.<\/p><p>\u00a0\u00a0\u00a0\u00a0\u00a0\u00a0\u00a0\u00a0\u00a0 Qendra Kulturore e F\u00ebmij\u00ebve \u2013 Karposh \u00ebsht\u00eb institucion referent n\u00eb fush\u00ebn e bashk\u00ebpunimit kulturor nd\u00ebrkomb\u00ebtar n\u00eb fush\u00ebn e artit dhe kultur\u00ebs s\u00eb f\u00ebmij\u00ebve dhe \u00ebsht\u00eb organizator dhe realizues i disa festivaleve dhe manifestimeve nd\u00ebrkomb\u00ebtare p\u00ebr f\u00ebmij\u00eb dhe t\u00eb rinj n\u00eb vend.<\/p><p>Bul. \u201eIlinden\u201c nr. 53, 1000 Shkup<\/p><p>Tel: 02 322 8-111, 075\/463-787<\/p><p>e-mail: dkckarpos1@gmail.c\u043em<\/p><p>https:\/\/dkckarpos.org.mk<\/p><p>https:\/\/<a href=\"http:\/\/www.facebook.com\/dkckarpos\">facebook.com\/dkckarpos<\/a><\/p><p><a href=\"https:\/\/youtube.com\/@detskikulturencentarkarpos652\">https:\/\/youtube.com\/@detskikulturencentarkarpos652<\/a>\u00a0\u00a0\u00a0\u00a0\u00a0\u00a0\u00a0\u00a0\u00a0\u00a0\u00a0\u00a0\u00a0\u00a0\u00a0\u00a0\u00a0\u00a0\u00a0\u00a0\u00a0\u00a0\u00a0\u00a0\u00a0\u00a0\u00a0\u00a0\u00a0\u00a0\u00a0\u00a0\u00a0\u00a0\u00a0\u00a0\u00a0\u00a0\u00a0\u00a0\u00a0\u00a0\u00a0\u00a0\u00a0\u00a0\u00a0\u00a0\u00a0\u00a0\u00a0\u00a0\u00a0\u00a0\u00a0\u00a0\u00a0\u00a0\u00a0\u00a0\u00a0\u00a0\u00a0\u00a0\u00a0\u00a0\u00a0\u00a0\u00a0\u00a0\u00a0\u00a0\u00a0\u00a0\u00a0\u00a0\u00a0\u00a0\u00a0\u00a0\u00a0\u00a0\u00a0\u00a0\u00a0\u00a0\u00a0\u00a0\u00a0\u00a0\u00a0\u00a0 <u>\u0418\u043d\u0441\u0442\u0430\u0433\u0440\u0430\u043c \u043f\u0440\u043e\u0444\u0438\u043b <\/u><u>&#8211;<\/u> <u>dkckarpos<\/u><\/p>\t\t\t\t\t\t\t\t<\/div>\n\t\t\t\t<div class=\"elementor-element elementor-element-ba19ed4 elementor-widget elementor-widget-image\" data-id=\"ba19ed4\" data-element_type=\"widget\" data-e-type=\"widget\" data-widget_type=\"image.default\">\n\t\t\t\t\t\t\t\t\t\t\t\t\t\t\t<img decoding=\"async\" width=\"1024\" height=\"624\" src=\"https:\/\/kultura.skopje.gov.mk\/wp-content\/uploads\/2026\/02\/Foto-DKCK-1024x624.png\" class=\"attachment-large size-large wp-image-247\" alt=\"\" srcset=\"https:\/\/kultura.skopje.gov.mk\/wp-content\/uploads\/2026\/02\/Foto-DKCK-1024x624.png 1024w, https:\/\/kultura.skopje.gov.mk\/wp-content\/uploads\/2026\/02\/Foto-DKCK-300x183.png 300w, https:\/\/kultura.skopje.gov.mk\/wp-content\/uploads\/2026\/02\/Foto-DKCK-768x468.png 768w, https:\/\/kultura.skopje.gov.mk\/wp-content\/uploads\/2026\/02\/Foto-DKCK.png 1225w\" sizes=\"(max-width: 1024px) 100vw, 1024px\" \/>\t\t\t\t\t\t\t\t\t\t\t\t\t\t\t<\/div>\n\t\t\t\t<\/div>\n\t\t\t\t\t<\/div>\n\t\t\t\t<\/div>\n\t\t\t\t<\/div>","protected":false},"excerpt":{"rendered":"<p>\u0408\u0423 \u0414\u0415\u0422\u0421\u041a\u0418 \u041a\u0423\u041b\u0422\u0423\u0420\u0415\u041d \u0426\u0415\u041d\u0422\u0410\u0420 &#8211; \u041a\u0410\u0420\u041f\u041e\u0428 \u0408\u0423 \u0414\u0435\u0442\u0441\u043a\u0438 \u043a\u0443\u043b\u0442\u0443\u0440\u0435\u043d \u0446\u0435\u043d\u0442\u0430\u0440 &#8211; \u041a\u0430\u0440\u043f\u043e\u0448 \u0435 \u0440\u0435\u043d\u043e\u043c\u0438\u0440\u0430\u043d\u0430 \u0433\u0440\u0430\u0434\u0441\u043a\u0430 \u0438\u043d\u0441\u0442\u0438\u0442\u0443\u0446\u0438\u0458\u0430, \u0441\u043e \u0442\u0440\u0430\u0434\u0438\u0446\u0438\u0458\u0430 \u043f\u043e\u0432\u0435\u045c\u0435 \u043e\u0434 [&hellip;]<\/p>\n","protected":false},"author":1,"featured_media":0,"parent":0,"menu_order":0,"comment_status":"closed","ping_status":"closed","template":"","meta":{"site-sidebar-layout":"no-sidebar","site-content-layout":"","ast-site-content-layout":"full-width-container","site-content-style":"default","site-sidebar-style":"default","ast-global-header-display":"","ast-banner-title-visibility":"","ast-main-header-display":"","ast-hfb-above-header-display":"","ast-hfb-below-header-display":"","ast-hfb-mobile-header-display":"","site-post-title":"","ast-breadcrumbs-content":"","ast-featured-img":"disabled","footer-sml-layout":"","ast-disable-related-posts":"","theme-transparent-header-meta":"","adv-header-id-meta":"","stick-header-meta":"","header-above-stick-meta":"","header-main-stick-meta":"","header-below-stick-meta":"","astra-migrate-meta-layouts":"default","ast-page-background-enabled":"default","ast-page-background-meta":{"desktop":{"background-color":"var(--ast-global-color-5)","background-image":"","background-repeat":"repeat","background-position":"center center","background-size":"auto","background-attachment":"scroll","background-type":"","background-media":"","overlay-type":"","overlay-color":"","overlay-opacity":"","overlay-gradient":""},"tablet":{"background-color":"","background-image":"","background-repeat":"repeat","background-position":"center center","background-size":"auto","background-attachment":"scroll","background-type":"","background-media":"","overlay-type":"","overlay-color":"","overlay-opacity":"","overlay-gradient":""},"mobile":{"background-color":"","background-image":"","background-repeat":"repeat","background-position":"center center","background-size":"auto","background-attachment":"scroll","background-type":"","background-media":"","overlay-type":"","overlay-color":"","overlay-opacity":"","overlay-gradient":""}},"ast-content-background-meta":{"desktop":{"background-color":"var(--ast-global-color-4)","background-image":"","background-repeat":"repeat","background-position":"center center","background-size":"auto","background-attachment":"scroll","background-type":"","background-media":"","overlay-type":"","overlay-color":"","overlay-opacity":"","overlay-gradient":""},"tablet":{"background-color":"var(--ast-global-color-4)","background-image":"","background-repeat":"repeat","background-position":"center center","background-size":"auto","background-attachment":"scroll","background-type":"","background-media":"","overlay-type":"","overlay-color":"","overlay-opacity":"","overlay-gradient":""},"mobile":{"background-color":"var(--ast-global-color-4)","background-image":"","background-repeat":"repeat","background-position":"center center","background-size":"auto","background-attachment":"scroll","background-type":"","background-media":"","overlay-type":"","overlay-color":"","overlay-opacity":"","overlay-gradient":""}},"footnotes":""},"class_list":["post-37","page","type-page","status-publish","hentry"],"_links":{"self":[{"href":"https:\/\/kultura.skopje.gov.mk\/sq\/wp-json\/wp\/v2\/pages\/37","targetHints":{"allow":["GET"]}}],"collection":[{"href":"https:\/\/kultura.skopje.gov.mk\/sq\/wp-json\/wp\/v2\/pages"}],"about":[{"href":"https:\/\/kultura.skopje.gov.mk\/sq\/wp-json\/wp\/v2\/types\/page"}],"author":[{"embeddable":true,"href":"https:\/\/kultura.skopje.gov.mk\/sq\/wp-json\/wp\/v2\/users\/1"}],"replies":[{"embeddable":true,"href":"https:\/\/kultura.skopje.gov.mk\/sq\/wp-json\/wp\/v2\/comments?post=37"}],"version-history":[{"count":7,"href":"https:\/\/kultura.skopje.gov.mk\/sq\/wp-json\/wp\/v2\/pages\/37\/revisions"}],"predecessor-version":[{"id":253,"href":"https:\/\/kultura.skopje.gov.mk\/sq\/wp-json\/wp\/v2\/pages\/37\/revisions\/253"}],"wp:attachment":[{"href":"https:\/\/kultura.skopje.gov.mk\/sq\/wp-json\/wp\/v2\/media?parent=37"}],"curies":[{"name":"wp","href":"https:\/\/api.w.org\/{rel}","templated":true}]}}