{"id":41,"date":"2026-02-25T23:41:23","date_gmt":"2026-02-25T23:41:23","guid":{"rendered":"https:\/\/kultura.skopje.gov.mk\/?page_id=41"},"modified":"2026-02-26T22:28:50","modified_gmt":"2026-02-26T22:28:50","slug":"%d0%b7%d0%be%d0%be%d0%bb%d0%be%d1%88%d0%ba%d0%b0-%d0%b3%d1%80%d0%b0%d0%b4%d0%b8%d0%bd%d0%b0-%d1%81%d0%ba%d0%be%d0%bf%d1%98%d0%b5","status":"publish","type":"page","link":"https:\/\/kultura.skopje.gov.mk\/sq\/%d0%b7%d0%be%d0%be%d0%bb%d0%be%d1%88%d0%ba%d0%b0-%d0%b3%d1%80%d0%b0%d0%b4%d0%b8%d0%bd%d0%b0-%d1%81%d0%ba%d0%be%d0%bf%d1%98%d0%b5\/","title":{"rendered":"\u0417\u043e\u043e\u043b\u043e\u0448\u043a\u0430 \u0433\u0440\u0430\u0434\u0438\u043d\u0430 &#8211; \u0421\u043a\u043e\u043f\u0458\u0435"},"content":{"rendered":"<div data-elementor-type=\"wp-page\" data-elementor-id=\"41\" class=\"elementor elementor-41\" data-elementor-post-type=\"page\">\n\t\t\t\t<div class=\"elementor-element elementor-element-121b0820 e-flex e-con-boxed e-con e-parent\" data-id=\"121b0820\" data-element_type=\"container\" data-e-type=\"container\">\n\t\t\t\t\t<div class=\"e-con-inner\">\n\t\t<div class=\"elementor-element elementor-element-31a8ef3d e-con-full e-flex e-con e-child\" data-id=\"31a8ef3d\" data-element_type=\"container\" data-e-type=\"container\" data-settings=\"{&quot;background_background&quot;:&quot;classic&quot;}\">\n\t\t\t\t<div class=\"elementor-element elementor-element-15a3c97c elementor-widget elementor-widget-image\" data-id=\"15a3c97c\" data-element_type=\"widget\" data-e-type=\"widget\" data-widget_type=\"image.default\">\n\t\t\t\t\t\t\t\t\t\t\t\t\t\t\t<img fetchpriority=\"high\" decoding=\"async\" width=\"1200\" height=\"547\" src=\"https:\/\/kultura.skopje.gov.mk\/wp-content\/uploads\/2026\/02\/ZOOLogo-kirilica-Long.jpg\" class=\"attachment-full size-full wp-image-127\" alt=\"\" srcset=\"https:\/\/kultura.skopje.gov.mk\/wp-content\/uploads\/2026\/02\/ZOOLogo-kirilica-Long.jpg 1200w, https:\/\/kultura.skopje.gov.mk\/wp-content\/uploads\/2026\/02\/ZOOLogo-kirilica-Long-300x137.jpg 300w, https:\/\/kultura.skopje.gov.mk\/wp-content\/uploads\/2026\/02\/ZOOLogo-kirilica-Long-1024x467.jpg 1024w, https:\/\/kultura.skopje.gov.mk\/wp-content\/uploads\/2026\/02\/ZOOLogo-kirilica-Long-768x350.jpg 768w\" sizes=\"(max-width: 1200px) 100vw, 1200px\" \/>\t\t\t\t\t\t\t\t\t\t\t\t\t\t\t<\/div>\n\t\t\t\t<div class=\"elementor-element elementor-element-4017306f elementor-widget elementor-widget-heading\" data-id=\"4017306f\" data-element_type=\"widget\" data-e-type=\"widget\" data-widget_type=\"heading.default\">\n\t\t\t\t\t<h2 class=\"elementor-heading-title elementor-size-default\">JU KOPSHTI ZOOLOGJIK - SHKUP<\/h2>\t\t\t\t<\/div>\n\t\t\t\t<div class=\"elementor-element elementor-element-2a064e9c elementor-widget elementor-widget-text-editor\" data-id=\"2a064e9c\" data-element_type=\"widget\" data-e-type=\"widget\" data-widget_type=\"text-editor.default\">\n\t\t\t\t\t\t\t\t\t<p>Kopshti Zoologjik i Shkupit \u00ebsht\u00eb themeluar n\u00eb vitin 1926 dhe paraqet nj\u00eb nga institucionet publike m\u00eb t\u00eb vjetra dhe m\u00eb t\u00eb r\u00ebnd\u00ebsishme t\u00eb k\u00ebtij lloji n\u00eb rajon. I vendosur n\u00eb zem\u00ebr t\u00eb Parkut t\u00eb Qytetit, ai shtrihet n\u00eb nj\u00eb sip\u00ebrfaqe prej rreth 12 hektar\u00ebsh dhe p\u00ebr dekada me radh\u00eb p\u00ebrfaq\u00ebson nj\u00eb oaz\u00eb t\u00eb gjelb\u00ebr dhe vend t\u00eb preferuar p\u00ebr sh\u00ebtitje, edukim dhe lidhje me natyr\u00ebn p\u00ebr qytetar\u00ebt dhe vizitor\u00ebt e Shkupit.<\/p><p>\u00a0\u00a0\u00a0\u00a0\u00a0\u00a0\u00a0\u00a0\u00a0 Q\u00eb nga themelimi \u00ebsht\u00eb konceptuar si nj\u00eb hap\u00ebsir\u00eb me rol edukativ dhe shkencor, ku kafsh\u00ebt u afrohen njer\u00ebzve n\u00eb nj\u00eb m\u00ebnyr\u00eb q\u00eb nxit mir\u00ebkuptim, respekt dhe p\u00ebrgjegj\u00ebsi ndaj natyr\u00ebs. Gjat\u00eb viteve, ai \u00ebsht\u00eb zhvilluar vazhdimisht dhe \u00ebsht\u00eb p\u00ebrshtatur me standardet bashk\u00ebkohore p\u00ebr kujdesin dhe mir\u00ebqenien e kafsh\u00ebve.<\/p><p>\u00a0\u00a0\u00a0\u00a0\u00a0\u00a0\u00a0\u00a0\u00a0 Sot, Kopshti Zoologjik i Shkupit kujdeset p\u00ebr m\u00eb shum\u00eb se 500 kafsh\u00eb nga mbi 85 lloje t\u00eb ndryshme, duke p\u00ebrfshir\u00eb gjitar\u00eb, shpend\u00eb dhe grupe t\u00eb tjera kafsh\u00ebsh nga pjes\u00eb t\u00eb ndryshme t\u00eb bot\u00ebs. Theks i ve\u00e7ant\u00eb vendoset n\u00eb trajtimin human, habitatet e p\u00ebrshtatshme, kujdesin veterinar dhe pasurimin e mjedisit t\u00eb kafsh\u00ebve, n\u00eb p\u00ebrputhje me rekomandimet evropiane dhe nd\u00ebrkomb\u00ebtare.<\/p><p>\u00a0\u00a0\u00a0\u00a0\u00a0\u00a0\u00a0\u00a0\u00a0 P\u00ebrve\u00e7 kujdesit p\u00ebr kafsh\u00ebt, Kopshti Zoologjik i Shkupit ka nj\u00eb rol t\u00eb r\u00ebnd\u00ebsish\u00ebm n\u00eb edukimin e publikut, ve\u00e7an\u00ebrisht t\u00eb m\u00eb t\u00eb rinjve. P\u00ebrmes programeve edukative, pun\u00ebtorive, fushatave dhe ngjarjeve, ai kontribuon n\u00eb ngritjen e vet\u00ebdijes p\u00ebr mbrojtjen e biodiversitetit, ruajtjen e natyr\u00ebs dhe qasjen e p\u00ebrgjegjshme ndaj bot\u00ebs s\u00eb kafsh\u00ebve. Me bashk\u00ebpunim me institucione dhe organizata vendore dhe nd\u00ebrkomb\u00ebtare, kopshti zoologjik nd\u00ebrton vizionin e tij si nj\u00eb qend\u00ebr bashk\u00ebkohore q\u00eb lidh shkenc\u00ebn, edukimin dhe humanizmin, me nj\u00eb mision t\u00eb qart\u00eb p\u00ebr t\u00eb qen\u00eb nj\u00eb shkoll\u00eb n\u00eb natyr\u00eb dhe nj\u00eb ruajt\u00ebs i trash\u00ebgimis\u00eb natyrore p\u00ebr gjeneratat e ardhshme.<br \/><br \/>Bul. \u201eIlinden\u201c nr.88, 1000 Shkup<br \/>Tel: +38923220578, +389 70 688 014<\/p><p><a href=\"https:\/\/www.facebook.com\/ZooSkopje\/\">https:\/\/www.facebook.com\/ZooSkopje\/<\/a><br \/><a href=\"https:\/\/www.instagram.com\/zoo_skopje\/\">https:\/\/www.instagram.com\/zoo_skopje\/<\/a><br \/><a href=\"https:\/\/zooskopje.com.mk\/\">https:\/\/zooskopje.com.mk\/<\/a><br \/><br \/><br \/><\/p>\t\t\t\t\t\t\t\t<\/div>\n\t\t\t\t<div class=\"elementor-element elementor-element-3899d3a7 elementor-widget elementor-widget-gallery\" data-id=\"3899d3a7\" data-element_type=\"widget\" data-e-type=\"widget\" data-settings=\"{&quot;gallery_layout&quot;:&quot;masonry&quot;,&quot;columns&quot;:3,&quot;columns_mobile&quot;:2,&quot;lazyload&quot;:&quot;yes&quot;,&quot;columns_tablet&quot;:2,&quot;gap&quot;:{&quot;unit&quot;:&quot;px&quot;,&quot;size&quot;:10,&quot;sizes&quot;:[]},&quot;gap_tablet&quot;:{&quot;unit&quot;:&quot;px&quot;,&quot;size&quot;:10,&quot;sizes&quot;:[]},&quot;gap_mobile&quot;:{&quot;unit&quot;:&quot;px&quot;,&quot;size&quot;:10,&quot;sizes&quot;:[]},&quot;link_to&quot;:&quot;file&quot;,&quot;overlay_background&quot;:&quot;yes&quot;,&quot;content_hover_animation&quot;:&quot;fade-in&quot;}\" data-widget_type=\"gallery.default\">\n\t\t\t\t\t\t\t<div class=\"elementor-gallery__container\">\n\t\t\t\t\t\t\t<a class=\"e-gallery-item elementor-gallery-item elementor-animated-content\" href=\"https:\/\/kultura.skopje.gov.mk\/wp-content\/uploads\/2026\/02\/svetski-den-na-crveniot-krst.jpg\" data-elementor-open-lightbox=\"yes\" data-elementor-lightbox-slideshow=\"3899d3a7\" data-elementor-lightbox-title=\"svetski den na crveniot krst\" data-e-action-hash=\"#elementor-action%3Aaction%3Dlightbox%26settings%3DeyJpZCI6MjE2LCJ1cmwiOiJodHRwczpcL1wva3VsdHVyYS5za29wamUuZ292Lm1rXC93cC1jb250ZW50XC91cGxvYWRzXC8yMDI2XC8wMlwvc3ZldHNraS1kZW4tbmEtY3J2ZW5pb3Qta3JzdC5qcGciLCJzbGlkZXNob3ciOiIzODk5ZDNhNyJ9\">\n\t\t\t\t\t<div class=\"e-gallery-image elementor-gallery-item__image\" data-thumbnail=\"https:\/\/kultura.skopje.gov.mk\/wp-content\/uploads\/2026\/02\/svetski-den-na-crveniot-krst.jpg\" data-width=\"2048\" data-height=\"1266\" aria-label=\"\" role=\"img\" ><\/div>\n\t\t\t\t\t\t\t\t\t\t\t<div class=\"elementor-gallery-item__overlay\"><\/div>\n\t\t\t\t\t\t\t\t\t\t\t\t\t\t<\/a>\n\t\t\t\t\t\t\t<a class=\"e-gallery-item elementor-gallery-item elementor-animated-content\" href=\"https:\/\/kultura.skopje.gov.mk\/wp-content\/uploads\/2026\/02\/Foto-ZOO.jpg\" data-elementor-open-lightbox=\"yes\" data-elementor-lightbox-slideshow=\"3899d3a7\" data-elementor-lightbox-title=\"Foto ZOO\" data-e-action-hash=\"#elementor-action%3Aaction%3Dlightbox%26settings%3DeyJpZCI6MjA4LCJ1cmwiOiJodHRwczpcL1wva3VsdHVyYS5za29wamUuZ292Lm1rXC93cC1jb250ZW50XC91cGxvYWRzXC8yMDI2XC8wMlwvRm90by1aT08uanBnIiwic2xpZGVzaG93IjoiMzg5OWQzYTcifQ%3D%3D\">\n\t\t\t\t\t<div class=\"e-gallery-image elementor-gallery-item__image\" data-thumbnail=\"https:\/\/kultura.skopje.gov.mk\/wp-content\/uploads\/2026\/02\/Foto-ZOO.jpg\" data-width=\"1280\" data-height=\"720\" aria-label=\"\" role=\"img\" ><\/div>\n\t\t\t\t\t\t\t\t\t\t\t<div class=\"elementor-gallery-item__overlay\"><\/div>\n\t\t\t\t\t\t\t\t\t\t\t\t\t\t<\/a>\n\t\t\t\t\t\t\t<a class=\"e-gallery-item elementor-gallery-item elementor-animated-content\" href=\"https:\/\/kultura.skopje.gov.mk\/wp-content\/uploads\/2026\/02\/Edukativna-rabotilnica.jpg\" data-elementor-open-lightbox=\"yes\" data-elementor-lightbox-slideshow=\"3899d3a7\" data-elementor-lightbox-title=\"Edukativna rabotilnica\" data-e-action-hash=\"#elementor-action%3Aaction%3Dlightbox%26settings%3DeyJpZCI6MjA3LCJ1cmwiOiJodHRwczpcL1wva3VsdHVyYS5za29wamUuZ292Lm1rXC93cC1jb250ZW50XC91cGxvYWRzXC8yMDI2XC8wMlwvRWR1a2F0aXZuYS1yYWJvdGlsbmljYS5qcGciLCJzbGlkZXNob3ciOiIzODk5ZDNhNyJ9\">\n\t\t\t\t\t<div class=\"e-gallery-image elementor-gallery-item__image\" data-thumbnail=\"https:\/\/kultura.skopje.gov.mk\/wp-content\/uploads\/2026\/02\/Edukativna-rabotilnica.jpg\" data-width=\"2048\" data-height=\"1536\" aria-label=\"\" role=\"img\" ><\/div>\n\t\t\t\t\t\t\t\t\t\t\t<div class=\"elementor-gallery-item__overlay\"><\/div>\n\t\t\t\t\t\t\t\t\t\t\t\t\t\t<\/a>\n\t\t\t\t\t\t\t<a class=\"e-gallery-item elementor-gallery-item elementor-animated-content\" href=\"https:\/\/kultura.skopje.gov.mk\/wp-content\/uploads\/2026\/02\/Hranilki-za-ptici-edukacija.jpg\" data-elementor-open-lightbox=\"yes\" data-elementor-lightbox-slideshow=\"3899d3a7\" data-elementor-lightbox-title=\"Hranilki za ptici- edukacija\" data-e-action-hash=\"#elementor-action%3Aaction%3Dlightbox%26settings%3DeyJpZCI6MjA5LCJ1cmwiOiJodHRwczpcL1wva3VsdHVyYS5za29wamUuZ292Lm1rXC93cC1jb250ZW50XC91cGxvYWRzXC8yMDI2XC8wMlwvSHJhbmlsa2ktemEtcHRpY2ktZWR1a2FjaWphLmpwZyIsInNsaWRlc2hvdyI6IjM4OTlkM2E3In0%3D\">\n\t\t\t\t\t<div class=\"e-gallery-image elementor-gallery-item__image\" data-thumbnail=\"https:\/\/kultura.skopje.gov.mk\/wp-content\/uploads\/2026\/02\/Hranilki-za-ptici-edukacija.jpg\" data-width=\"2048\" data-height=\"1536\" aria-label=\"\" role=\"img\" ><\/div>\n\t\t\t\t\t\t\t\t\t\t\t<div class=\"elementor-gallery-item__overlay\"><\/div>\n\t\t\t\t\t\t\t\t\t\t\t\t\t\t<\/a>\n\t\t\t\t\t\t\t<a class=\"e-gallery-item elementor-gallery-item elementor-animated-content\" href=\"https:\/\/kultura.skopje.gov.mk\/wp-content\/uploads\/2026\/02\/humanitarna-izlozba.jpg\" data-elementor-open-lightbox=\"yes\" data-elementor-lightbox-slideshow=\"3899d3a7\" data-elementor-lightbox-title=\"humanitarna izlozba\" data-e-action-hash=\"#elementor-action%3Aaction%3Dlightbox%26settings%3DeyJpZCI6MjEwLCJ1cmwiOiJodHRwczpcL1wva3VsdHVyYS5za29wamUuZ292Lm1rXC93cC1jb250ZW50XC91cGxvYWRzXC8yMDI2XC8wMlwvaHVtYW5pdGFybmEtaXpsb3piYS5qcGciLCJzbGlkZXNob3ciOiIzODk5ZDNhNyJ9\">\n\t\t\t\t\t<div class=\"e-gallery-image elementor-gallery-item__image\" data-thumbnail=\"https:\/\/kultura.skopje.gov.mk\/wp-content\/uploads\/2026\/02\/humanitarna-izlozba.jpg\" data-width=\"1131\" data-height=\"1600\" aria-label=\"\" role=\"img\" ><\/div>\n\t\t\t\t\t\t\t\t\t\t\t<div class=\"elementor-gallery-item__overlay\"><\/div>\n\t\t\t\t\t\t\t\t\t\t\t\t\t\t<\/a>\n\t\t\t\t\t\t\t<a class=\"e-gallery-item elementor-gallery-item elementor-animated-content\" href=\"https:\/\/kultura.skopje.gov.mk\/wp-content\/uploads\/2026\/02\/Inkluzivna-rabotilnica-izrabotka-na-hoteli-za-pceli.jpg\" data-elementor-open-lightbox=\"yes\" data-elementor-lightbox-slideshow=\"3899d3a7\" data-elementor-lightbox-title=\"Inkluzivna rabotilnica izrabotka na hoteli za pceli\" data-e-action-hash=\"#elementor-action%3Aaction%3Dlightbox%26settings%3DeyJpZCI6MjExLCJ1cmwiOiJodHRwczpcL1wva3VsdHVyYS5za29wamUuZ292Lm1rXC93cC1jb250ZW50XC91cGxvYWRzXC8yMDI2XC8wMlwvSW5rbHV6aXZuYS1yYWJvdGlsbmljYS1penJhYm90a2EtbmEtaG90ZWxpLXphLXBjZWxpLmpwZyIsInNsaWRlc2hvdyI6IjM4OTlkM2E3In0%3D\">\n\t\t\t\t\t<div class=\"e-gallery-image elementor-gallery-item__image\" data-thumbnail=\"https:\/\/kultura.skopje.gov.mk\/wp-content\/uploads\/2026\/02\/Inkluzivna-rabotilnica-izrabotka-na-hoteli-za-pceli.jpg\" data-width=\"2048\" data-height=\"1536\" aria-label=\"\" role=\"img\" ><\/div>\n\t\t\t\t\t\t\t\t\t\t\t<div class=\"elementor-gallery-item__overlay\"><\/div>\n\t\t\t\t\t\t\t\t\t\t\t\t\t\t<\/a>\n\t\t\t\t\t\t\t<a class=\"e-gallery-item elementor-gallery-item elementor-animated-content\" href=\"https:\/\/kultura.skopje.gov.mk\/wp-content\/uploads\/2026\/02\/Izlozba-so-MED.jpg\" data-elementor-open-lightbox=\"yes\" data-elementor-lightbox-slideshow=\"3899d3a7\" data-elementor-lightbox-title=\"Izlozba so MED\" data-e-action-hash=\"#elementor-action%3Aaction%3Dlightbox%26settings%3DeyJpZCI6MjEyLCJ1cmwiOiJodHRwczpcL1wva3VsdHVyYS5za29wamUuZ292Lm1rXC93cC1jb250ZW50XC91cGxvYWRzXC8yMDI2XC8wMlwvSXpsb3piYS1zby1NRUQuanBnIiwic2xpZGVzaG93IjoiMzg5OWQzYTcifQ%3D%3D\">\n\t\t\t\t\t<div class=\"e-gallery-image elementor-gallery-item__image\" data-thumbnail=\"https:\/\/kultura.skopje.gov.mk\/wp-content\/uploads\/2026\/02\/Izlozba-so-MED.jpg\" data-width=\"614\" data-height=\"460\" aria-label=\"\" role=\"img\" ><\/div>\n\t\t\t\t\t\t\t\t\t\t\t<div class=\"elementor-gallery-item__overlay\"><\/div>\n\t\t\t\t\t\t\t\t\t\t\t\t\t\t<\/a>\n\t\t\t\t\t\t\t<a class=\"e-gallery-item elementor-gallery-item elementor-animated-content\" href=\"https:\/\/kultura.skopje.gov.mk\/wp-content\/uploads\/2026\/02\/novogodisna-programa.jpg\" data-elementor-open-lightbox=\"yes\" data-elementor-lightbox-slideshow=\"3899d3a7\" data-elementor-lightbox-title=\"novogodisna programa\" data-e-action-hash=\"#elementor-action%3Aaction%3Dlightbox%26settings%3DeyJpZCI6MjEzLCJ1cmwiOiJodHRwczpcL1wva3VsdHVyYS5za29wamUuZ292Lm1rXC93cC1jb250ZW50XC91cGxvYWRzXC8yMDI2XC8wMlwvbm92b2dvZGlzbmEtcHJvZ3JhbWEuanBnIiwic2xpZGVzaG93IjoiMzg5OWQzYTcifQ%3D%3D\">\n\t\t\t\t\t<div class=\"e-gallery-image elementor-gallery-item__image\" data-thumbnail=\"https:\/\/kultura.skopje.gov.mk\/wp-content\/uploads\/2026\/02\/novogodisna-programa.jpg\" data-width=\"800\" data-height=\"534\" aria-label=\"\" role=\"img\" ><\/div>\n\t\t\t\t\t\t\t\t\t\t\t<div class=\"elementor-gallery-item__overlay\"><\/div>\n\t\t\t\t\t\t\t\t\t\t\t\t\t\t<\/a>\n\t\t\t\t\t\t\t<a class=\"e-gallery-item elementor-gallery-item elementor-animated-content\" href=\"https:\/\/kultura.skopje.gov.mk\/wp-content\/uploads\/2026\/02\/podiganje-na-svesta-za-rast-kaj-decata.jpg\" data-elementor-open-lightbox=\"yes\" data-elementor-lightbox-slideshow=\"3899d3a7\" data-elementor-lightbox-title=\"podiganje na svesta za rast kaj decata\" data-e-action-hash=\"#elementor-action%3Aaction%3Dlightbox%26settings%3DeyJpZCI6MjE0LCJ1cmwiOiJodHRwczpcL1wva3VsdHVyYS5za29wamUuZ292Lm1rXC93cC1jb250ZW50XC91cGxvYWRzXC8yMDI2XC8wMlwvcG9kaWdhbmplLW5hLXN2ZXN0YS16YS1yYXN0LWthai1kZWNhdGEuanBnIiwic2xpZGVzaG93IjoiMzg5OWQzYTcifQ%3D%3D\">\n\t\t\t\t\t<div class=\"e-gallery-image elementor-gallery-item__image\" data-thumbnail=\"https:\/\/kultura.skopje.gov.mk\/wp-content\/uploads\/2026\/02\/podiganje-na-svesta-za-rast-kaj-decata.jpg\" data-width=\"853\" data-height=\"853\" aria-label=\"\" role=\"img\" ><\/div>\n\t\t\t\t\t\t\t\t\t\t\t<div class=\"elementor-gallery-item__overlay\"><\/div>\n\t\t\t\t\t\t\t\t\t\t\t\t\t\t<\/a>\n\t\t\t\t\t\t\t<a class=\"e-gallery-item elementor-gallery-item elementor-animated-content\" href=\"https:\/\/kultura.skopje.gov.mk\/wp-content\/uploads\/2026\/02\/rodenden-zoo.jpg\" data-elementor-open-lightbox=\"yes\" data-elementor-lightbox-slideshow=\"3899d3a7\" data-elementor-lightbox-title=\"rodenden zoo\" data-e-action-hash=\"#elementor-action%3Aaction%3Dlightbox%26settings%3DeyJpZCI6MjE1LCJ1cmwiOiJodHRwczpcL1wva3VsdHVyYS5za29wamUuZ292Lm1rXC93cC1jb250ZW50XC91cGxvYWRzXC8yMDI2XC8wMlwvcm9kZW5kZW4tem9vLmpwZyIsInNsaWRlc2hvdyI6IjM4OTlkM2E3In0%3D\">\n\t\t\t\t\t<div class=\"e-gallery-image elementor-gallery-item__image\" data-thumbnail=\"https:\/\/kultura.skopje.gov.mk\/wp-content\/uploads\/2026\/02\/rodenden-zoo.jpg\" data-width=\"1350\" data-height=\"1800\" aria-label=\"\" role=\"img\" ><\/div>\n\t\t\t\t\t\t\t\t\t\t\t<div class=\"elementor-gallery-item__overlay\"><\/div>\n\t\t\t\t\t\t\t\t\t\t\t\t\t\t<\/a>\n\t\t\t\t\t\t\t<a class=\"e-gallery-item elementor-gallery-item elementor-animated-content\" href=\"https:\/\/kultura.skopje.gov.mk\/wp-content\/uploads\/2026\/02\/svetski-den-na-pingvinite.jpg\" data-elementor-open-lightbox=\"yes\" data-elementor-lightbox-slideshow=\"3899d3a7\" data-elementor-lightbox-title=\"svetski den na pingvinite\" data-e-action-hash=\"#elementor-action%3Aaction%3Dlightbox%26settings%3DeyJpZCI6MjE3LCJ1cmwiOiJodHRwczpcL1wva3VsdHVyYS5za29wamUuZ292Lm1rXC93cC1jb250ZW50XC91cGxvYWRzXC8yMDI2XC8wMlwvc3ZldHNraS1kZW4tbmEtcGluZ3Zpbml0ZS5qcGciLCJzbGlkZXNob3ciOiIzODk5ZDNhNyJ9\">\n\t\t\t\t\t<div class=\"e-gallery-image elementor-gallery-item__image\" data-thumbnail=\"https:\/\/kultura.skopje.gov.mk\/wp-content\/uploads\/2026\/02\/svetski-den-na-pingvinite.jpg\" data-width=\"2048\" data-height=\"1536\" aria-label=\"\" role=\"img\" ><\/div>\n\t\t\t\t\t\t\t\t\t\t\t<div class=\"elementor-gallery-item__overlay\"><\/div>\n\t\t\t\t\t\t\t\t\t\t\t\t\t\t<\/a>\n\t\t\t\t\t\t\t<a class=\"e-gallery-item elementor-gallery-item elementor-animated-content\" href=\"https:\/\/kultura.skopje.gov.mk\/wp-content\/uploads\/2026\/02\/Svetski-den-na-zhelkite.jpg\" data-elementor-open-lightbox=\"yes\" data-elementor-lightbox-slideshow=\"3899d3a7\" data-elementor-lightbox-title=\"Svetski den na zhelkite\" data-e-action-hash=\"#elementor-action%3Aaction%3Dlightbox%26settings%3DeyJpZCI6MjE4LCJ1cmwiOiJodHRwczpcL1wva3VsdHVyYS5za29wamUuZ292Lm1rXC93cC1jb250ZW50XC91cGxvYWRzXC8yMDI2XC8wMlwvU3ZldHNraS1kZW4tbmEtemhlbGtpdGUuanBnIiwic2xpZGVzaG93IjoiMzg5OWQzYTcifQ%3D%3D\">\n\t\t\t\t\t<div class=\"e-gallery-image elementor-gallery-item__image\" data-thumbnail=\"https:\/\/kultura.skopje.gov.mk\/wp-content\/uploads\/2026\/02\/Svetski-den-na-zhelkite.jpg\" data-width=\"1600\" data-height=\"1200\" aria-label=\"\" role=\"img\" ><\/div>\n\t\t\t\t\t\t\t\t\t\t\t<div class=\"elementor-gallery-item__overlay\"><\/div>\n\t\t\t\t\t\t\t\t\t\t\t\t\t\t<\/a>\n\t\t\t\t\t\t\t<a class=\"e-gallery-item elementor-gallery-item elementor-animated-content\" href=\"https:\/\/kultura.skopje.gov.mk\/wp-content\/uploads\/2026\/02\/veterinarna-rabotilnica-so-Zeleni-balkani.jpg\" data-elementor-open-lightbox=\"yes\" data-elementor-lightbox-slideshow=\"3899d3a7\" data-elementor-lightbox-title=\"veterinarna rabotilnica so Zeleni balkani\" data-e-action-hash=\"#elementor-action%3Aaction%3Dlightbox%26settings%3DeyJpZCI6MjE5LCJ1cmwiOiJodHRwczpcL1wva3VsdHVyYS5za29wamUuZ292Lm1rXC93cC1jb250ZW50XC91cGxvYWRzXC8yMDI2XC8wMlwvdmV0ZXJpbmFybmEtcmFib3RpbG5pY2Etc28tWmVsZW5pLWJhbGthbmkuanBnIiwic2xpZGVzaG93IjoiMzg5OWQzYTcifQ%3D%3D\">\n\t\t\t\t\t<div class=\"e-gallery-image elementor-gallery-item__image\" data-thumbnail=\"https:\/\/kultura.skopje.gov.mk\/wp-content\/uploads\/2026\/02\/veterinarna-rabotilnica-so-Zeleni-balkani.jpg\" data-width=\"1080\" data-height=\"1920\" aria-label=\"\" role=\"img\" ><\/div>\n\t\t\t\t\t\t\t\t\t\t\t<div class=\"elementor-gallery-item__overlay\"><\/div>\n\t\t\t\t\t\t\t\t\t\t\t\t\t\t<\/a>\n\t\t\t\t\t<\/div>\n\t\t\t\t\t<\/div>\n\t\t\t\t<\/div>\n\t\t\t\t\t<\/div>\n\t\t\t\t<\/div>\n\t\t\t\t<\/div>","protected":false},"excerpt":{"rendered":"<p>\u0408\u0423 \u0417\u041e\u041e\u041b\u041e\u0428\u041a\u0410 \u0413\u0420\u0410\u0414\u0418\u041d\u0410 &#8211; \u0421\u041a\u041e\u041f\u0408\u0415 \u0417\u043e\u043e\u043b\u043e\u0448\u043a\u0430 \u0433\u0440\u0430\u0434\u0438\u043d\u0430 \u0421\u043a\u043e\u043f\u0458\u0435 \u0435 \u043e\u0441\u043d\u043e\u0432\u0430\u043d\u0430 \u0432\u043e 1926 \u0433\u043e\u0434\u0438\u043d\u0430 \u0438 \u043f\u0440\u0435\u0442\u0441\u0442\u0430\u0432\u0443\u0432\u0430 \u0435\u0434\u043d\u0430 \u043e\u0434 \u043d\u0430\u0458\u0441\u0442\u0430\u0440\u0438\u0442\u0435 \u0438 \u043d\u0430\u0458\u0437\u043d\u0430\u0447\u0430\u0458\u043d\u0438 [&hellip;]<\/p>\n","protected":false},"author":1,"featured_media":0,"parent":0,"menu_order":0,"comment_status":"closed","ping_status":"closed","template":"","meta":{"site-sidebar-layout":"no-sidebar","site-content-layout":"","ast-site-content-layout":"full-width-container","site-content-style":"default","site-sidebar-style":"default","ast-global-header-display":"","ast-banner-title-visibility":"","ast-main-header-display":"","ast-hfb-above-header-display":"","ast-hfb-below-header-display":"","ast-hfb-mobile-header-display":"","site-post-title":"","ast-breadcrumbs-content":"","ast-featured-img":"disabled","footer-sml-layout":"","ast-disable-related-posts":"","theme-transparent-header-meta":"","adv-header-id-meta":"","stick-header-meta":"","header-above-stick-meta":"","header-main-stick-meta":"","header-below-stick-meta":"","astra-migrate-meta-layouts":"default","ast-page-background-enabled":"default","ast-page-background-meta":{"desktop":{"background-color":"var(--ast-global-color-5)","background-image":"","background-repeat":"repeat","background-position":"center center","background-size":"auto","background-attachment":"scroll","background-type":"","background-media":"","overlay-type":"","overlay-color":"","overlay-opacity":"","overlay-gradient":""},"tablet":{"background-color":"","background-image":"","background-repeat":"repeat","background-position":"center center","background-size":"auto","background-attachment":"scroll","background-type":"","background-media":"","overlay-type":"","overlay-color":"","overlay-opacity":"","overlay-gradient":""},"mobile":{"background-color":"","background-image":"","background-repeat":"repeat","background-position":"center center","background-size":"auto","background-attachment":"scroll","background-type":"","background-media":"","overlay-type":"","overlay-color":"","overlay-opacity":"","overlay-gradient":""}},"ast-content-background-meta":{"desktop":{"background-color":"var(--ast-global-color-4)","background-image":"","background-repeat":"repeat","background-position":"center center","background-size":"auto","background-attachment":"scroll","background-type":"","background-media":"","overlay-type":"","overlay-color":"","overlay-opacity":"","overlay-gradient":""},"tablet":{"background-color":"var(--ast-global-color-4)","background-image":"","background-repeat":"repeat","background-position":"center center","background-size":"auto","background-attachment":"scroll","background-type":"","background-media":"","overlay-type":"","overlay-color":"","overlay-opacity":"","overlay-gradient":""},"mobile":{"background-color":"var(--ast-global-color-4)","background-image":"","background-repeat":"repeat","background-position":"center center","background-size":"auto","background-attachment":"scroll","background-type":"","background-media":"","overlay-type":"","overlay-color":"","overlay-opacity":"","overlay-gradient":""}},"footnotes":""},"class_list":["post-41","page","type-page","status-publish","hentry"],"_links":{"self":[{"href":"https:\/\/kultura.skopje.gov.mk\/sq\/wp-json\/wp\/v2\/pages\/41","targetHints":{"allow":["GET"]}}],"collection":[{"href":"https:\/\/kultura.skopje.gov.mk\/sq\/wp-json\/wp\/v2\/pages"}],"about":[{"href":"https:\/\/kultura.skopje.gov.mk\/sq\/wp-json\/wp\/v2\/types\/page"}],"author":[{"embeddable":true,"href":"https:\/\/kultura.skopje.gov.mk\/sq\/wp-json\/wp\/v2\/users\/1"}],"replies":[{"embeddable":true,"href":"https:\/\/kultura.skopje.gov.mk\/sq\/wp-json\/wp\/v2\/comments?post=41"}],"version-history":[{"count":7,"href":"https:\/\/kultura.skopje.gov.mk\/sq\/wp-json\/wp\/v2\/pages\/41\/revisions"}],"predecessor-version":[{"id":222,"href":"https:\/\/kultura.skopje.gov.mk\/sq\/wp-json\/wp\/v2\/pages\/41\/revisions\/222"}],"wp:attachment":[{"href":"https:\/\/kultura.skopje.gov.mk\/sq\/wp-json\/wp\/v2\/media?parent=41"}],"curies":[{"name":"wp","href":"https:\/\/api.w.org\/{rel}","templated":true}]}}